{"id":2111,"date":"2025-08-06T16:30:26","date_gmt":"2025-08-06T16:30:26","guid":{"rendered":"https:\/\/i-und-sie.de\/wordpress\/?page_id=2111"},"modified":"2026-01-21T17:35:12","modified_gmt":"2026-01-21T17:35:12","slug":"2111-2","status":"publish","type":"page","link":"https:\/\/i-und-sie.de\/wordpress\/2111-2\/","title":{"rendered":"SPIELMANNSKUNST"},"content":{"rendered":"<nav style=\"line-height:2.1;\" class=\"has-text-color has-theme-palette9-color has-background has-theme-palette5-background-color has-small-font-size items-justified-center no-wrap alignfull wp-block-navigation is-horizontal is-content-justification-center is-nowrap is-layout-flex wp-container-core-navigation-is-layout-f937b32f wp-block-navigation-is-layout-flex\" aria-label=\"Navigation\"><ul style=\"line-height:2.1;\" class=\"wp-block-navigation__container has-text-color has-theme-palette9-color has-background has-theme-palette5-background-color has-small-font-size items-justified-center no-wrap alignfull wp-block-navigation has-small-font-size\"><li class=\"has-small-font-size wp-block-navigation-item wp-block-navigation-link\"><a class=\"wp-block-navigation-item__content\"  href=\"https:\/\/i-und-sie.de\/wordpress\/\"><span class=\"wp-block-navigation-item__label\">START<\/span><\/a><\/li><li class=\"has-small-font-size wp-block-navigation-item wp-block-navigation-link\"><a class=\"wp-block-navigation-item__content\"  href=\"https:\/\/i-und-sie.de\/wordpress\/kuenstler\/\"><span class=\"wp-block-navigation-item__label\">K\u00dcNSTLER<\/span><\/a><\/li><li data-wp-context=\"{ &quot;submenuOpenedBy&quot;: { &quot;click&quot;: false, &quot;hover&quot;: false, &quot;focus&quot;: false }, &quot;type&quot;: &quot;submenu&quot;, &quot;modal&quot;: null, &quot;previousFocus&quot;: null }\" data-wp-interactive=\"core\/navigation\" data-wp-on--focusout=\"actions.handleMenuFocusout\" data-wp-on--keydown=\"actions.handleMenuKeydown\" data-wp-on--mouseenter=\"actions.openMenuOnHover\" data-wp-on--mouseleave=\"actions.closeMenuOnHover\" data-wp-watch=\"callbacks.initMenu\" tabindex=\"-1\" class=\"wp-block-navigation-item has-small-font-size has-child open-on-hover-click wp-block-navigation-submenu\"><a class=\"wp-block-navigation-item__content\" href=\"#\"><span class=\"wp-block-navigation-item__label\">RUBRIK<\/span><\/a><button data-wp-bind--aria-expanded=\"state.isMenuOpen\" data-wp-on--click=\"actions.toggleMenuOnClick\" aria-label=\"Untermen\u00fc von RUBRIK\" class=\"wp-block-navigation__submenu-icon wp-block-navigation-submenu__toggle\" ><svg xmlns=\"http:\/\/www.w3.org\/2000\/svg\" width=\"12\" height=\"12\" viewBox=\"0 0 12 12\" fill=\"none\" aria-hidden=\"true\" focusable=\"false\"><path d=\"M1.50002 4L6.00002 8L10.5 4\" stroke-width=\"1.5\"><\/path><\/svg><\/button><ul data-wp-on--focus=\"actions.openMenuOnFocus\" style=\"color:#f4c265;\" class=\"wp-block-navigation__submenu-container has-text-color has-background has-theme-palette-5-background-color wp-block-navigation-submenu\"><li class=\"has-small-font-size wp-block-navigation-item wp-block-navigation-link has-small-font-size\"><a class=\"wp-block-navigation-item__content\"  href=\"https:\/\/i-und-sie.de\/wordpress\/bayerisch\/\"><span class=\"wp-block-navigation-item__label\">BAYERISCH<\/span><\/a><\/li><li class=\"has-small-font-size wp-block-navigation-item wp-block-navigation-link has-small-font-size\"><a class=\"wp-block-navigation-item__content\"  href=\"https:\/\/i-und-sie.de\/wordpress\/literarisch\/\"><span class=\"wp-block-navigation-item__label\">LITERARISCH<\/span><\/a><\/li><li class=\"has-small-font-size wp-block-navigation-item wp-block-navigation-link has-small-font-size\"><a class=\"wp-block-navigation-item__content\"  href=\"https:\/\/i-und-sie.de\/wordpress\/liedermacher-und-schlager\/\"><span class=\"wp-block-navigation-item__label\">LIEDERMACHER UND SCHLAGER<\/span><\/a><\/li><li class=\"has-small-font-size wp-block-navigation-item wp-block-navigation-link has-small-font-size\"><a class=\"wp-block-navigation-item__content\"  href=\"https:\/\/i-und-sie.de\/wordpress\/2111-2\/\"><span class=\"wp-block-navigation-item__label\">SPIELMANNKUNST<\/span><\/a><\/li><li class=\"has-small-font-size wp-block-navigation-item wp-block-navigation-link has-small-font-size\"><a class=\"wp-block-navigation-item__content\"  href=\"https:\/\/i-und-sie.de\/wordpress\/westernmusik\/\"><span class=\"wp-block-navigation-item__label\">WESTERNMUSIK<\/span><\/a><\/li><li class=\"has-small-font-size wp-block-navigation-item wp-block-navigation-link has-small-font-size\"><a class=\"wp-block-navigation-item__content\"  href=\"https:\/\/i-und-sie.de\/wordpress\/wienerisch\/\"><span class=\"wp-block-navigation-item__label\">WIENERISCH<\/span><\/a><\/li><\/ul><\/li><li class=\"has-small-font-size wp-block-navigation-item wp-block-navigation-link has-small-font-size\"><a class=\"wp-block-navigation-item__content\"  href=\"https:\/\/i-und-sie.de\/wordpress\/kontakt\/\"><span class=\"wp-block-navigation-item__label\">KONTAKT<\/span><\/a><\/li><li class=\"has-small-font-size wp-block-navigation-item wp-block-navigation-link has-small-font-size\"><a class=\"wp-block-navigation-item__content\"  href=\"https:\/\/i-und-sie.de\/wordpress\/termine\/\"><span class=\"wp-block-navigation-item__label\">VERANSTALTUNGEN<\/span><\/a><\/li><li class=\"has-small-font-size wp-block-navigation-item wp-block-navigation-link has-small-font-size\"><a class=\"wp-block-navigation-item__content\"  href=\"https:\/\/i-und-sie.de\/wordpress\/neuigkeiten\/\"><span class=\"wp-block-navigation-item__label\">NEUIGKEITEN<\/span><\/a><\/li><li class=\"has-small-font-size wp-block-navigation-item wp-block-navigation-link has-small-font-size\"><a class=\"wp-block-navigation-item__content\"  href=\"https:\/\/i-und-sie.de\/wordpress\/datenschutz\/\"><span class=\"wp-block-navigation-item__label\">DATENSCHUTZ<\/span><\/a><\/li><li class=\"has-small-font-size wp-block-navigation-item wp-block-navigation-link has-small-font-size\"><a class=\"wp-block-navigation-item__content\"  href=\"https:\/\/i-und-sie.de\/wordpress\/impressum\/\"><span class=\"wp-block-navigation-item__label\">IMPRESSUM<\/span><\/a><\/li><\/ul><\/nav>\n\n<style>.wp-block-kadence-advancedheading.kt-adv-heading2111_dcf123-59, .wp-block-kadence-advancedheading.kt-adv-heading2111_dcf123-59[data-kb-block=\"kb-adv-heading2111_dcf123-59\"]{text-align:center;font-style:normal;}.wp-block-kadence-advancedheading.kt-adv-heading2111_dcf123-59 mark.kt-highlight, .wp-block-kadence-advancedheading.kt-adv-heading2111_dcf123-59[data-kb-block=\"kb-adv-heading2111_dcf123-59\"] mark.kt-highlight{font-style:normal;color:#f76a0c;-webkit-box-decoration-break:clone;box-decoration-break:clone;padding-top:0px;padding-right:0px;padding-bottom:0px;padding-left:0px;}.wp-block-kadence-advancedheading.kt-adv-heading2111_dcf123-59 img.kb-inline-image, .wp-block-kadence-advancedheading.kt-adv-heading2111_dcf123-59[data-kb-block=\"kb-adv-heading2111_dcf123-59\"] img.kb-inline-image{width:150px;vertical-align:baseline;}<\/style>\n<h1 class=\"kt-adv-heading2111_dcf123-59 wp-block-kadence-advancedheading\" data-kb-block=\"kb-adv-heading2111_dcf123-59\"><strong>SPIELMANNSKUNST<\/strong><\/h1>\n\n\n<style>.kadence-column2111_08b4a8-46 > .kt-inside-inner-col{display:flex;}.kadence-column2111_08b4a8-46 > .kt-inside-inner-col,.kadence-column2111_08b4a8-46 > .kt-inside-inner-col:before{border-top-left-radius:0px;border-top-right-radius:0px;border-bottom-right-radius:0px;border-bottom-left-radius:0px;}.kadence-column2111_08b4a8-46 > .kt-inside-inner-col{row-gap:var(--global-kb-gap-none, 0rem );column-gap:var(--global-kb-gap-sm, 1rem);}.kadence-column2111_08b4a8-46 > .kt-inside-inner-col{flex-direction:column-reverse;justify-content:center;align-items:center;}.kadence-column2111_08b4a8-46 > .kt-inside-inner-col > .kb-image-is-ratio-size{align-self:stretch;}.kadence-column2111_08b4a8-46 > .kt-inside-inner-col > .wp-block-kadence-advancedgallery{align-self:stretch;}.kadence-column2111_08b4a8-46 > .kt-inside-inner-col > .aligncenter{width:100%;}.kt-row-column-wrap > .kadence-column2111_08b4a8-46{align-self:center;}.kt-inner-column-height-full:not(.kt-has-1-columns) > .wp-block-kadence-column.kadence-column2111_08b4a8-46{align-self:auto;}.kt-inner-column-height-full:not(.kt-has-1-columns) > .wp-block-kadence-column.kadence-column2111_08b4a8-46 > .kt-inside-inner-col{flex-direction:column;justify-content:center;}.kadence-column2111_08b4a8-46 > .kt-inside-inner-col:before{opacity:0.3;}.kadence-column2111_08b4a8-46{text-align:center;}.kadence-column2111_08b4a8-46{position:relative;}@media all and (max-width: 1024px){.kt-row-column-wrap > .kadence-column2111_08b4a8-46{align-self:center;}}@media all and (max-width: 1024px){.kt-inner-column-height-full:not(.kt-has-1-columns) > .wp-block-kadence-column.kadence-column2111_08b4a8-46{align-self:auto;}}@media all and (max-width: 1024px){.kt-inner-column-height-full:not(.kt-has-1-columns) > .wp-block-kadence-column.kadence-column2111_08b4a8-46 > .kt-inside-inner-col{flex-direction:column;justify-content:center;}}@media all and (max-width: 1024px){.kadence-column2111_08b4a8-46 > .kt-inside-inner-col{flex-direction:column-reverse;justify-content:center;align-items:center;}}@media all and (max-width: 767px){.kt-row-column-wrap > .kadence-column2111_08b4a8-46{align-self:center;}.kt-inner-column-height-full:not(.kt-has-1-columns) > .wp-block-kadence-column.kadence-column2111_08b4a8-46{align-self:auto;}.kt-inner-column-height-full:not(.kt-has-1-columns) > .wp-block-kadence-column.kadence-column2111_08b4a8-46 > .kt-inside-inner-col{flex-direction:column;justify-content:center;}.kadence-column2111_08b4a8-46 > .kt-inside-inner-col{flex-direction:column-reverse;justify-content:center;align-items:center;}}<\/style>\n<div class=\"wp-block-kadence-column kadence-column2111_08b4a8-46 kb-section-dir-vertical-reverse\"><div class=\"kt-inside-inner-col\">\n<img loading=\"lazy\" decoding=\"async\" width=\"1024\" height=\"1536\" class=\"gb-media-fc92550a\" alt=\"\" src=\"https:\/\/i-und-sie.de\/wordpress\/wp-content\/uploads\/2025\/08\/ChatGPT-Image-2.-Aug.-2025-10_39_04.png\" title=\"ChatGPT Image 2. Aug. 2025, 10_39_04\" srcset=\"https:\/\/i-und-sie.de\/wordpress\/wp-content\/uploads\/2025\/08\/ChatGPT-Image-2.-Aug.-2025-10_39_04.png 1024w, https:\/\/i-und-sie.de\/wordpress\/wp-content\/uploads\/2025\/08\/ChatGPT-Image-2.-Aug.-2025-10_39_04-200x300.png 200w, https:\/\/i-und-sie.de\/wordpress\/wp-content\/uploads\/2025\/08\/ChatGPT-Image-2.-Aug.-2025-10_39_04-683x1024.png 683w, https:\/\/i-und-sie.de\/wordpress\/wp-content\/uploads\/2025\/08\/ChatGPT-Image-2.-Aug.-2025-10_39_04-768x1152.png 768w, https:\/\/i-und-sie.de\/wordpress\/wp-content\/uploads\/2025\/08\/ChatGPT-Image-2.-Aug.-2025-10_39_04-600x900.png 600w\" sizes=\"auto, (max-width: 1024px) 100vw, 1024px\" \/>\n<\/div><\/div>\n\n\n\n<h1 class=\"wp-block-heading has-text-align-left has-medium-font-size\" style=\"margin-top:var(--wp--preset--spacing--30);margin-right:0;margin-bottom:var(--wp--preset--spacing--30);margin-left:0;padding-top:0;padding-bottom:0\"><strong>Spielmannskunst<\/strong> ist ein Oberbegriff, der die k\u00fcnstlerischen Darbietungen der mittelalterlichen <strong>Spielleute<\/strong> zusammenfasst. Es handelt sich um eine Form der Unterhaltungskunst, die von umherziehenden K\u00fcnstlern f\u00fcr ein breites Publikum dargeboten wurde.<\/h1>\n\n\n\n<h1 class=\"wp-block-heading has-text-align-left has-medium-font-size\" style=\"margin-top:var(--wp--preset--spacing--30);margin-right:0;margin-bottom:var(--wp--preset--spacing--30);margin-left:0;padding-top:0;padding-bottom:0\">Die Spielmannskunst umfasste mehr als nur Musik. Sie war eine vielseitige Darbietung, die folgende Elemente einschlie\u00dfen konnte:<\/h1>\n\n\n\n<h1 class=\"wp-block-heading has-medium-font-size\" style=\"margin-top:var(--wp--preset--spacing--30);margin-bottom:var(--wp--preset--spacing--30);padding-top:0;padding-bottom:0\">Musik: Das Spielen von Instrumenten (wie Schalmei, Dudelsack, Fidel, Harfe) und das Singen von Liedern.<\/h1>\n\n\n\n<h1 class=\"wp-block-heading has-medium-font-size\" style=\"margin-top:var(--wp--preset--spacing--30);margin-bottom:var(--wp--preset--spacing--30);padding-top:0;padding-bottom:0\">Gaukelei: Jonglieren, Akrobatik und andere Kunstst\u00fccke.<\/h1>\n\n\n\n<h1 class=\"wp-block-heading has-medium-font-size\" style=\"margin-top:var(--wp--preset--spacing--30);margin-bottom:var(--wp--preset--spacing--30);padding-top:0;padding-bottom:0\">Schauspiel: Possenrei\u00dfen, Pantomime und kom\u00f6diantische Einlagen.<\/h1>\n\n\n\n<h1 class=\"wp-block-heading has-medium-font-size\">Erz\u00e4hlkunst: Das Vortragen von Geschichten und Schw\u00e4nken.<\/h1>\n\n\n\n<h1 class=\"wp-block-heading has-text-align-left has-medium-font-size\" style=\"margin-right:0;margin-left:0\">Im Gegensatz zur hochstilisierten, h\u00f6fischen Kunst der Minnes\u00e4nger war die Spielmannskunst oft volkst\u00fcmlicher, einfacher und manchmal auch derber. Sie wurde auf M\u00e4rkten, Jahrm\u00e4rkten, in Wirtsh\u00e4usern und vor den Toren der St\u00e4dte und Burgen dargeboten.<\/h1>\n\n\n<style>.wp-block-kadence-spacer.kt-block-spacer-2111_a84fa0-c4 .kt-block-spacer{height:60px;}.wp-block-kadence-spacer.kt-block-spacer-2111_a84fa0-c4 .kt-divider{border-top-width:1px;height:1px;border-top-color:#eee;width:80%;border-top-style:solid;}<\/style>\n<div class=\"wp-block-kadence-spacer aligncenter kt-block-spacer-2111_a84fa0-c4\"><div class=\"kt-block-spacer kt-block-spacer-halign-center\"><hr class=\"kt-divider\"\/><\/div><\/div>\n\n\n<style>.wp-block-kadence-advancedgallery .kb-gallery-type-grid.kb-gallery-id-2111_7d4429-de{margin:-15px;}.kb-gallery-type-grid.kb-gallery-id-2111_7d4429-de .kadence-blocks-gallery-item{padding:15px;}.kb-gallery-id-2111_7d4429-de .kadence-blocks-gallery-item .kb-gal-image-radius, .kb-gallery-id-2111_7d4429-de .kb-slide-item .kb-gal-image-radius img{border-radius:10px 10px 10px 10px;;}.kb-gallery-caption-style-bottom.kb-gallery-id-2111_7d4429-de .kadence-blocks-gallery-item .kadence-blocks-gallery-item-inner .kadence-blocks-gallery-item__caption, .kb-gallery-caption-style-bottom-hover.kb-gallery-id-2111_7d4429-de .kadence-blocks-gallery-item .kadence-blocks-gallery-item-inner .kadence-blocks-gallery-item__caption{background:linear-gradient(0deg, rgba(0, 0, 0, 0.8) 0, rgba(0, 0, 0, 0) 100%);}<\/style><div class=\"kb-gallery-wrap-id-2111_7d4429-de alignnone wp-block-kadence-advancedgallery\"><ul class=\"kb-gallery-ul kb-gallery-non-static kb-gallery-type-grid kb-gallery-id-2111_7d4429-de kb-gallery-caption-style-bottom-hover kb-gallery-filter-none\" data-image-filter=\"none\" data-item-selector=\".kadence-blocks-gallery-item\" data-lightbox-caption=\"true\" data-columns-xxl=\"3\" data-columns-xl=\"3\" data-columns-md=\"3\" data-columns-sm=\"2\" data-columns-xs=\"1\" data-columns-ss=\"1\"><li class=\"kadence-blocks-gallery-item\" tabindex=\"0\"><div class=\"kadence-blocks-gallery-item-inner\"><figure class=\"kb-gallery-figure\"><div class=\"kb-gal-image-radius\"><div class=\"kb-gallery-image-contain kadence-blocks-gallery-intrinsic kb-gallery-image-ratio-square kb-has-image-ratio-square\" ><img loading=\"lazy\" decoding=\"async\" src=\"https:\/\/i-und-sie.de\/wordpress\/wp-content\/uploads\/2025\/08\/1-1-1024x683.jpg\" width=\"1024\" height=\"683\" alt=\"\" data-full-image=\"https:\/\/i-und-sie.de\/wordpress\/wp-content\/uploads\/2025\/08\/1-1.jpg\" data-light-image=\"https:\/\/i-und-sie.de\/wordpress\/wp-content\/uploads\/2025\/08\/1-1.jpg\" data-id=\"2126\" class=\"wp-image-2126\" srcset=\"https:\/\/i-und-sie.de\/wordpress\/wp-content\/uploads\/2025\/08\/1-1-1024x683.jpg 1024w, https:\/\/i-und-sie.de\/wordpress\/wp-content\/uploads\/2025\/08\/1-1-300x200.jpg 300w, https:\/\/i-und-sie.de\/wordpress\/wp-content\/uploads\/2025\/08\/1-1-768x512.jpg 768w, https:\/\/i-und-sie.de\/wordpress\/wp-content\/uploads\/2025\/08\/1-1-1536x1024.jpg 1536w, https:\/\/i-und-sie.de\/wordpress\/wp-content\/uploads\/2025\/08\/1-1-600x400.jpg 600w, https:\/\/i-und-sie.de\/wordpress\/wp-content\/uploads\/2025\/08\/1-1.jpg 1758w\" sizes=\"auto, (max-width: 1024px) 100vw, 1024px\" \/><\/div><\/div><\/figure><\/div><\/li><li class=\"kadence-blocks-gallery-item\" tabindex=\"0\"><div class=\"kadence-blocks-gallery-item-inner\"><figure class=\"kb-gallery-figure\"><div class=\"kb-gal-image-radius\"><div class=\"kb-gallery-image-contain kadence-blocks-gallery-intrinsic kb-gallery-image-ratio-square kb-has-image-ratio-square\" ><img loading=\"lazy\" decoding=\"async\" src=\"https:\/\/i-und-sie.de\/wordpress\/wp-content\/uploads\/2025\/08\/burg-mit-himmel-683x1024.png\" width=\"683\" height=\"1024\" alt=\"\" data-full-image=\"https:\/\/i-und-sie.de\/wordpress\/wp-content\/uploads\/2025\/08\/burg-mit-himmel.png\" data-light-image=\"https:\/\/i-und-sie.de\/wordpress\/wp-content\/uploads\/2025\/08\/burg-mit-himmel.png\" data-id=\"2154\" class=\"wp-image-2154\" srcset=\"https:\/\/i-und-sie.de\/wordpress\/wp-content\/uploads\/2025\/08\/burg-mit-himmel-683x1024.png 683w, https:\/\/i-und-sie.de\/wordpress\/wp-content\/uploads\/2025\/08\/burg-mit-himmel-200x300.png 200w, https:\/\/i-und-sie.de\/wordpress\/wp-content\/uploads\/2025\/08\/burg-mit-himmel-768x1152.png 768w, https:\/\/i-und-sie.de\/wordpress\/wp-content\/uploads\/2025\/08\/burg-mit-himmel-600x900.png 600w, https:\/\/i-und-sie.de\/wordpress\/wp-content\/uploads\/2025\/08\/burg-mit-himmel.png 1024w\" sizes=\"auto, (max-width: 683px) 100vw, 683px\" \/><\/div><\/div><\/figure><\/div><\/li><li class=\"kadence-blocks-gallery-item\" tabindex=\"0\"><div class=\"kadence-blocks-gallery-item-inner\"><figure class=\"kb-gallery-figure\"><div class=\"kb-gal-image-radius\"><div class=\"kb-gallery-image-contain kadence-blocks-gallery-intrinsic kb-gallery-image-ratio-square kb-has-image-ratio-square\" ><img loading=\"lazy\" decoding=\"async\" src=\"https:\/\/i-und-sie.de\/wordpress\/wp-content\/uploads\/2025\/08\/20220501_141037341_iOS-1-1024x768.jpg\" width=\"1024\" height=\"768\" alt=\"\" data-full-image=\"https:\/\/i-und-sie.de\/wordpress\/wp-content\/uploads\/2025\/08\/20220501_141037341_iOS-1-scaled.jpg\" data-light-image=\"https:\/\/i-und-sie.de\/wordpress\/wp-content\/uploads\/2025\/08\/20220501_141037341_iOS-1-scaled.jpg\" data-id=\"2123\" class=\"wp-image-2123\" srcset=\"https:\/\/i-und-sie.de\/wordpress\/wp-content\/uploads\/2025\/08\/20220501_141037341_iOS-1-1024x768.jpg 1024w, https:\/\/i-und-sie.de\/wordpress\/wp-content\/uploads\/2025\/08\/20220501_141037341_iOS-1-300x225.jpg 300w, https:\/\/i-und-sie.de\/wordpress\/wp-content\/uploads\/2025\/08\/20220501_141037341_iOS-1-768x576.jpg 768w, https:\/\/i-und-sie.de\/wordpress\/wp-content\/uploads\/2025\/08\/20220501_141037341_iOS-1-1536x1152.jpg 1536w, https:\/\/i-und-sie.de\/wordpress\/wp-content\/uploads\/2025\/08\/20220501_141037341_iOS-1-2048x1536.jpg 2048w, https:\/\/i-und-sie.de\/wordpress\/wp-content\/uploads\/2025\/08\/20220501_141037341_iOS-1-600x450.jpg 600w\" sizes=\"auto, (max-width: 1024px) 100vw, 1024px\" \/><\/div><\/div><\/figure><\/div><\/li><\/ul><\/div>\n\n<style>.wp-block-kadence-spacer.kt-block-spacer-2111_048a27-2c .kt-block-spacer{height:60px;}.wp-block-kadence-spacer.kt-block-spacer-2111_048a27-2c .kt-divider{border-top-width:1px;height:1px;border-top-color:#eee;width:80%;border-top-style:solid;}<\/style>\n<div class=\"wp-block-kadence-spacer aligncenter kt-block-spacer-2111_048a27-2c\"><div class=\"kt-block-spacer kt-block-spacer-halign-center\"><hr class=\"kt-divider\"\/><\/div><\/div>\n\n\n<style>.kb-row-layout-id2111_72cc30-0a > .kt-row-column-wrap{align-content:start;}:where(.kb-row-layout-id2111_72cc30-0a > .kt-row-column-wrap) > .wp-block-kadence-column{justify-content:start;}.kb-row-layout-id2111_72cc30-0a > .kt-row-column-wrap{column-gap:var(--global-kb-gap-md, 2rem);row-gap:var(--global-kb-gap-md, 2rem);padding-top:var(--global-kb-spacing-sm, 1.5rem);padding-bottom:var(--global-kb-spacing-sm, 1.5rem);grid-template-columns:repeat(2, minmax(0, 1fr));}.kb-row-layout-id2111_72cc30-0a > .kt-row-layout-overlay{opacity:0.30;}@media all and (max-width: 1024px){.kb-row-layout-id2111_72cc30-0a > .kt-row-column-wrap{grid-template-columns:repeat(2, minmax(0, 1fr));}}@media all and (max-width: 767px){.kb-row-layout-id2111_72cc30-0a > .kt-row-column-wrap{grid-template-columns:minmax(0, 1fr);}}<\/style><div class=\"kb-row-layout-wrap kb-row-layout-id2111_72cc30-0a alignnone wp-block-kadence-rowlayout\"><div class=\"kt-row-column-wrap kt-has-2-columns kt-row-layout-equal kt-tab-layout-inherit kt-mobile-layout-row kt-row-valign-top\">\n<style>.kadence-column2111_7aa2ac-43 > .kt-inside-inner-col,.kadence-column2111_7aa2ac-43 > .kt-inside-inner-col:before{border-top-left-radius:0px;border-top-right-radius:0px;border-bottom-right-radius:0px;border-bottom-left-radius:0px;}.kadence-column2111_7aa2ac-43 > .kt-inside-inner-col{column-gap:var(--global-kb-gap-sm, 1rem);}.kadence-column2111_7aa2ac-43 > .kt-inside-inner-col{flex-direction:column;}.kadence-column2111_7aa2ac-43 > .kt-inside-inner-col > .aligncenter{width:100%;}.kadence-column2111_7aa2ac-43 > .kt-inside-inner-col:before{opacity:0.3;}.kadence-column2111_7aa2ac-43{position:relative;}@media all and (max-width: 1024px){.kadence-column2111_7aa2ac-43 > .kt-inside-inner-col{flex-direction:column;justify-content:center;}}@media all and (max-width: 767px){.kadence-column2111_7aa2ac-43 > .kt-inside-inner-col{flex-direction:column;justify-content:center;}}<\/style>\n<div class=\"wp-block-kadence-column kadence-column2111_7aa2ac-43\"><div class=\"kt-inside-inner-col\"><\/div><\/div>\n\n\n<style>.kadence-column2111_c03bd3-f9 > .kt-inside-inner-col,.kadence-column2111_c03bd3-f9 > .kt-inside-inner-col:before{border-top-left-radius:0px;border-top-right-radius:0px;border-bottom-right-radius:0px;border-bottom-left-radius:0px;}.kadence-column2111_c03bd3-f9 > .kt-inside-inner-col{column-gap:var(--global-kb-gap-sm, 1rem);}.kadence-column2111_c03bd3-f9 > .kt-inside-inner-col{flex-direction:column;}.kadence-column2111_c03bd3-f9 > .kt-inside-inner-col > .aligncenter{width:100%;}.kadence-column2111_c03bd3-f9 > .kt-inside-inner-col:before{opacity:0.3;}.kadence-column2111_c03bd3-f9{position:relative;}@media all and (max-width: 1024px){.kadence-column2111_c03bd3-f9 > .kt-inside-inner-col{flex-direction:column;justify-content:center;}}@media all and (max-width: 767px){.kadence-column2111_c03bd3-f9 > .kt-inside-inner-col{flex-direction:column;justify-content:center;}}<\/style>\n<div class=\"wp-block-kadence-column kadence-column2111_c03bd3-f9\"><div class=\"kt-inside-inner-col\"><\/div><\/div>\n\n<\/div><\/div>\n\n\n<p><\/p>\n","protected":false},"excerpt":{"rendered":"<p>SPIELMANNSKUNST Spielmannskunst ist ein Oberbegriff, der die k\u00fcnstlerischen Darbietungen der mittelalterlichen Spielleute zusammenfasst. Es handelt sich um eine Form der Unterhaltungskunst, die von umherziehenden K\u00fcnstlern f\u00fcr ein breites Publikum dargeboten wurde. Die Spielmannskunst umfasste mehr als nur Musik. Sie war eine vielseitige Darbietung, die folgende Elemente einschlie\u00dfen konnte: Musik: Das Spielen von Instrumenten (wie Schalmei,&#8230;<\/p>\n","protected":false},"author":1,"featured_media":0,"parent":0,"menu_order":0,"comment_status":"closed","ping_status":"closed","template":"","meta":{"_kadence_starter_templates_imported_post":false,"_kad_post_transparent":"","_kad_post_title":"","_kad_post_layout":"normal","_kad_post_sidebar_id":"","_kad_post_content_style":"default","_kad_post_vertical_padding":"","_kad_post_feature":"","_kad_post_feature_position":"","_kad_post_header":false,"_kad_post_footer":false,"_kad_post_classname":"","footnotes":""},"class_list":["post-2111","page","type-page","status-publish","hentry"],"_links":{"self":[{"href":"https:\/\/i-und-sie.de\/wordpress\/wp-json\/wp\/v2\/pages\/2111","targetHints":{"allow":["GET"]}}],"collection":[{"href":"https:\/\/i-und-sie.de\/wordpress\/wp-json\/wp\/v2\/pages"}],"about":[{"href":"https:\/\/i-und-sie.de\/wordpress\/wp-json\/wp\/v2\/types\/page"}],"author":[{"embeddable":true,"href":"https:\/\/i-und-sie.de\/wordpress\/wp-json\/wp\/v2\/users\/1"}],"replies":[{"embeddable":true,"href":"https:\/\/i-und-sie.de\/wordpress\/wp-json\/wp\/v2\/comments?post=2111"}],"version-history":[{"count":2,"href":"https:\/\/i-und-sie.de\/wordpress\/wp-json\/wp\/v2\/pages\/2111\/revisions"}],"predecessor-version":[{"id":2907,"href":"https:\/\/i-und-sie.de\/wordpress\/wp-json\/wp\/v2\/pages\/2111\/revisions\/2907"}],"wp:attachment":[{"href":"https:\/\/i-und-sie.de\/wordpress\/wp-json\/wp\/v2\/media?parent=2111"}],"curies":[{"name":"wp","href":"https:\/\/api.w.org\/{rel}","templated":true}]}}