{"id":2369,"date":"2025-08-27T16:40:23","date_gmt":"2025-08-27T16:40:23","guid":{"rendered":"https:\/\/i-und-sie.de\/wordpress\/?page_id=2369"},"modified":"2026-01-16T10:18:43","modified_gmt":"2026-01-16T10:18:43","slug":"kuenstler","status":"publish","type":"page","link":"https:\/\/i-und-sie.de\/wordpress\/kuenstler\/","title":{"rendered":"K\u00dcNSTLER"},"content":{"rendered":"<nav style=\"line-height:2.1;\" class=\"has-text-color has-theme-palette9-color has-background has-theme-palette5-background-color has-small-font-size items-justified-center no-wrap alignfull wp-block-navigation is-horizontal is-content-justification-center is-nowrap is-layout-flex wp-container-core-navigation-is-layout-f937b32f wp-block-navigation-is-layout-flex\" aria-label=\"Navigation\"><ul style=\"line-height:2.1;\" class=\"wp-block-navigation__container has-text-color has-theme-palette9-color has-background has-theme-palette5-background-color has-small-font-size items-justified-center no-wrap alignfull wp-block-navigation has-small-font-size\"><li class=\"has-small-font-size wp-block-navigation-item wp-block-navigation-link\"><a class=\"wp-block-navigation-item__content\"  href=\"https:\/\/i-und-sie.de\/wordpress\/\"><span class=\"wp-block-navigation-item__label\">START<\/span><\/a><\/li><li class=\"has-small-font-size wp-block-navigation-item wp-block-navigation-link\"><a class=\"wp-block-navigation-item__content\"  href=\"https:\/\/i-und-sie.de\/wordpress\/kuenstler\/\"><span class=\"wp-block-navigation-item__label\">K\u00dcNSTLER<\/span><\/a><\/li><li data-wp-context=\"{ &quot;submenuOpenedBy&quot;: { &quot;click&quot;: false, &quot;hover&quot;: false, &quot;focus&quot;: false }, &quot;type&quot;: &quot;submenu&quot;, &quot;modal&quot;: null, &quot;previousFocus&quot;: null }\" data-wp-interactive=\"core\/navigation\" data-wp-on--focusout=\"actions.handleMenuFocusout\" data-wp-on--keydown=\"actions.handleMenuKeydown\" data-wp-on--mouseenter=\"actions.openMenuOnHover\" data-wp-on--mouseleave=\"actions.closeMenuOnHover\" data-wp-watch=\"callbacks.initMenu\" tabindex=\"-1\" class=\"wp-block-navigation-item has-small-font-size has-child open-on-hover-click wp-block-navigation-submenu\"><a class=\"wp-block-navigation-item__content\" href=\"#\"><span class=\"wp-block-navigation-item__label\">RUBRIK<\/span><\/a><button data-wp-bind--aria-expanded=\"state.isMenuOpen\" data-wp-on--click=\"actions.toggleMenuOnClick\" aria-label=\"Untermen\u00fc von RUBRIK\" class=\"wp-block-navigation__submenu-icon wp-block-navigation-submenu__toggle\" ><svg xmlns=\"http:\/\/www.w3.org\/2000\/svg\" width=\"12\" height=\"12\" viewBox=\"0 0 12 12\" fill=\"none\" aria-hidden=\"true\" focusable=\"false\"><path d=\"M1.50002 4L6.00002 8L10.5 4\" stroke-width=\"1.5\"><\/path><\/svg><\/button><ul data-wp-on--focus=\"actions.openMenuOnFocus\" style=\"color:#f4c265;\" class=\"wp-block-navigation__submenu-container has-text-color has-background has-theme-palette-5-background-color wp-block-navigation-submenu\"><li class=\"has-small-font-size wp-block-navigation-item wp-block-navigation-link has-small-font-size\"><a class=\"wp-block-navigation-item__content\"  href=\"https:\/\/i-und-sie.de\/wordpress\/bayerisch\/\"><span class=\"wp-block-navigation-item__label\">BAYERISCH<\/span><\/a><\/li><li class=\"has-small-font-size wp-block-navigation-item wp-block-navigation-link has-small-font-size\"><a class=\"wp-block-navigation-item__content\"  href=\"https:\/\/i-und-sie.de\/wordpress\/literarisch\/\"><span class=\"wp-block-navigation-item__label\">LITERARISCH<\/span><\/a><\/li><li class=\"has-small-font-size wp-block-navigation-item wp-block-navigation-link has-small-font-size\"><a class=\"wp-block-navigation-item__content\"  href=\"https:\/\/i-und-sie.de\/wordpress\/liedermacher-und-schlager\/\"><span class=\"wp-block-navigation-item__label\">LIEDERMACHER UND SCHLAGER<\/span><\/a><\/li><li class=\"has-small-font-size wp-block-navigation-item wp-block-navigation-link has-small-font-size\"><a class=\"wp-block-navigation-item__content\"  href=\"https:\/\/i-und-sie.de\/wordpress\/2111-2\/\"><span class=\"wp-block-navigation-item__label\">SPIELMANNKUNST<\/span><\/a><\/li><li class=\"has-small-font-size wp-block-navigation-item wp-block-navigation-link has-small-font-size\"><a class=\"wp-block-navigation-item__content\"  href=\"https:\/\/i-und-sie.de\/wordpress\/westernmusik\/\"><span class=\"wp-block-navigation-item__label\">WESTERNMUSIK<\/span><\/a><\/li><li class=\"has-small-font-size wp-block-navigation-item wp-block-navigation-link has-small-font-size\"><a class=\"wp-block-navigation-item__content\"  href=\"https:\/\/i-und-sie.de\/wordpress\/wienerisch\/\"><span class=\"wp-block-navigation-item__label\">WIENERISCH<\/span><\/a><\/li><\/ul><\/li><li class=\"has-small-font-size wp-block-navigation-item wp-block-navigation-link has-small-font-size\"><a class=\"wp-block-navigation-item__content\"  href=\"https:\/\/i-und-sie.de\/wordpress\/kontakt\/\"><span class=\"wp-block-navigation-item__label\">KONTAKT<\/span><\/a><\/li><li class=\"has-small-font-size wp-block-navigation-item wp-block-navigation-link has-small-font-size\"><a class=\"wp-block-navigation-item__content\"  href=\"https:\/\/i-und-sie.de\/wordpress\/termine\/\"><span class=\"wp-block-navigation-item__label\">VERANSTALTUNGEN<\/span><\/a><\/li><li class=\"has-small-font-size wp-block-navigation-item wp-block-navigation-link has-small-font-size\"><a class=\"wp-block-navigation-item__content\"  href=\"https:\/\/i-und-sie.de\/wordpress\/neuigkeiten\/\"><span class=\"wp-block-navigation-item__label\">NEUIGKEITEN<\/span><\/a><\/li><li class=\"has-small-font-size wp-block-navigation-item wp-block-navigation-link has-small-font-size\"><a class=\"wp-block-navigation-item__content\"  href=\"https:\/\/i-und-sie.de\/wordpress\/datenschutz\/\"><span class=\"wp-block-navigation-item__label\">DATENSCHUTZ<\/span><\/a><\/li><li class=\"has-small-font-size wp-block-navigation-item wp-block-navigation-link has-small-font-size\"><a class=\"wp-block-navigation-item__content\"  href=\"https:\/\/i-und-sie.de\/wordpress\/impressum\/\"><span class=\"wp-block-navigation-item__label\">IMPRESSUM<\/span><\/a><\/li><\/ul><\/nav>\n\n<style>.wp-block-kadence-advancedheading.kt-adv-heading2369_71cc8d-8b, .wp-block-kadence-advancedheading.kt-adv-heading2369_71cc8d-8b[data-kb-block=\"kb-adv-heading2369_71cc8d-8b\"]{text-align:center;font-style:normal;}.wp-block-kadence-advancedheading.kt-adv-heading2369_71cc8d-8b mark.kt-highlight, .wp-block-kadence-advancedheading.kt-adv-heading2369_71cc8d-8b[data-kb-block=\"kb-adv-heading2369_71cc8d-8b\"] mark.kt-highlight{font-style:normal;color:#f76a0c;-webkit-box-decoration-break:clone;box-decoration-break:clone;padding-top:0px;padding-right:0px;padding-bottom:0px;padding-left:0px;}.wp-block-kadence-advancedheading.kt-adv-heading2369_71cc8d-8b img.kb-inline-image, .wp-block-kadence-advancedheading.kt-adv-heading2369_71cc8d-8b[data-kb-block=\"kb-adv-heading2369_71cc8d-8b\"] img.kb-inline-image{width:150px;vertical-align:baseline;}<\/style>\n<h1 class=\"kt-adv-heading2369_71cc8d-8b wp-block-kadence-advancedheading\" data-kb-block=\"kb-adv-heading2369_71cc8d-8b\"><strong>I und Sie &#8211; Die K\u00fcnstler<\/strong><\/h1>\n\n\n<style>.wp-block-kadence-advancedheading.kt-adv-heading2369_4dc8cc-c2, .wp-block-kadence-advancedheading.kt-adv-heading2369_4dc8cc-c2[data-kb-block=\"kb-adv-heading2369_4dc8cc-c2\"]{text-align:center;font-style:normal;color:#440303;}.wp-block-kadence-advancedheading.kt-adv-heading2369_4dc8cc-c2 mark.kt-highlight, .wp-block-kadence-advancedheading.kt-adv-heading2369_4dc8cc-c2[data-kb-block=\"kb-adv-heading2369_4dc8cc-c2\"] mark.kt-highlight{font-style:normal;color:#f76a0c;-webkit-box-decoration-break:clone;box-decoration-break:clone;padding-top:0px;padding-right:0px;padding-bottom:0px;padding-left:0px;}.wp-block-kadence-advancedheading.kt-adv-heading2369_4dc8cc-c2 img.kb-inline-image, .wp-block-kadence-advancedheading.kt-adv-heading2369_4dc8cc-c2[data-kb-block=\"kb-adv-heading2369_4dc8cc-c2\"] img.kb-inline-image{width:150px;vertical-align:baseline;}<\/style>\n<h2 class=\"kt-adv-heading2369_4dc8cc-c2 wp-block-kadence-advancedheading\" data-kb-block=\"kb-adv-heading2369_4dc8cc-c2\">Die Geschichte<\/h2>\n\n\n<style>.kadence-column2369_494875-d0 > .kt-inside-inner-col{display:flex;}.kadence-column2369_494875-d0 > .kt-inside-inner-col,.kadence-column2369_494875-d0 > .kt-inside-inner-col:before{border-top-left-radius:0px;border-top-right-radius:0px;border-bottom-right-radius:0px;border-bottom-left-radius:0px;}.kadence-column2369_494875-d0 > .kt-inside-inner-col{row-gap:var(--global-kb-gap-none, 0rem );column-gap:var(--global-kb-gap-sm, 1rem);}.kadence-column2369_494875-d0 > .kt-inside-inner-col{flex-direction:column-reverse;justify-content:center;align-items:center;}.kadence-column2369_494875-d0 > .kt-inside-inner-col > .kb-image-is-ratio-size{align-self:stretch;}.kadence-column2369_494875-d0 > .kt-inside-inner-col > .wp-block-kadence-advancedgallery{align-self:stretch;}.kadence-column2369_494875-d0 > .kt-inside-inner-col > .aligncenter{width:100%;}.kt-row-column-wrap > .kadence-column2369_494875-d0{align-self:center;}.kt-inner-column-height-full:not(.kt-has-1-columns) > .wp-block-kadence-column.kadence-column2369_494875-d0{align-self:auto;}.kt-inner-column-height-full:not(.kt-has-1-columns) > .wp-block-kadence-column.kadence-column2369_494875-d0 > .kt-inside-inner-col{flex-direction:column;justify-content:center;}.kadence-column2369_494875-d0 > .kt-inside-inner-col:before{opacity:0.3;}.kadence-column2369_494875-d0{text-align:center;}.kadence-column2369_494875-d0{position:relative;}@media all and (max-width: 1024px){.kt-row-column-wrap > .kadence-column2369_494875-d0{align-self:center;}}@media all and (max-width: 1024px){.kt-inner-column-height-full:not(.kt-has-1-columns) > .wp-block-kadence-column.kadence-column2369_494875-d0{align-self:auto;}}@media all and (max-width: 1024px){.kt-inner-column-height-full:not(.kt-has-1-columns) > .wp-block-kadence-column.kadence-column2369_494875-d0 > .kt-inside-inner-col{flex-direction:column;justify-content:center;}}@media all and (max-width: 1024px){.kadence-column2369_494875-d0 > .kt-inside-inner-col{flex-direction:column-reverse;justify-content:center;align-items:center;}}@media all and (max-width: 767px){.kt-row-column-wrap > .kadence-column2369_494875-d0{align-self:center;}.kt-inner-column-height-full:not(.kt-has-1-columns) > .wp-block-kadence-column.kadence-column2369_494875-d0{align-self:auto;}.kt-inner-column-height-full:not(.kt-has-1-columns) > .wp-block-kadence-column.kadence-column2369_494875-d0 > .kt-inside-inner-col{flex-direction:column;justify-content:center;}.kadence-column2369_494875-d0 > .kt-inside-inner-col{flex-direction:column-reverse;justify-content:center;align-items:center;}}<\/style>\n<div class=\"wp-block-kadence-column kadence-column2369_494875-d0 kb-section-dir-vertical-reverse\"><div class=\"kt-inside-inner-col\">\n<img loading=\"lazy\" decoding=\"async\" width=\"1366\" height=\"2048\" class=\"gb-media-a6e9a2d1\" src=\"https:\/\/i-und-sie.de\/wordpress\/wp-content\/uploads\/2025\/08\/WhatsApp-Bild-2025-08-10-um-15.21.21_633c9121.jpg\" alt=\"\" title=\"WhatsApp Bild 2025-08-10 um 15.21.21_633c9121\" srcset=\"https:\/\/i-und-sie.de\/wordpress\/wp-content\/uploads\/2025\/08\/WhatsApp-Bild-2025-08-10-um-15.21.21_633c9121.jpg 1366w, https:\/\/i-und-sie.de\/wordpress\/wp-content\/uploads\/2025\/08\/WhatsApp-Bild-2025-08-10-um-15.21.21_633c9121-200x300.jpg 200w, https:\/\/i-und-sie.de\/wordpress\/wp-content\/uploads\/2025\/08\/WhatsApp-Bild-2025-08-10-um-15.21.21_633c9121-683x1024.jpg 683w, https:\/\/i-und-sie.de\/wordpress\/wp-content\/uploads\/2025\/08\/WhatsApp-Bild-2025-08-10-um-15.21.21_633c9121-768x1151.jpg 768w, https:\/\/i-und-sie.de\/wordpress\/wp-content\/uploads\/2025\/08\/WhatsApp-Bild-2025-08-10-um-15.21.21_633c9121-1025x1536.jpg 1025w, https:\/\/i-und-sie.de\/wordpress\/wp-content\/uploads\/2025\/08\/WhatsApp-Bild-2025-08-10-um-15.21.21_633c9121-600x900.jpg 600w\" sizes=\"auto, (max-width: 1366px) 100vw, 1366px\" \/>\n<\/div><\/div>\n\n\n<style>.wp-block-kadence-spacer.kt-block-spacer-2369_651d01-32 .kt-block-spacer{height:60px;}.wp-block-kadence-spacer.kt-block-spacer-2369_651d01-32 .kt-divider{border-top-width:1px;height:1px;border-top-color:#eee;width:80%;border-top-style:solid;}<\/style>\n<div class=\"wp-block-kadence-spacer aligncenter kt-block-spacer-2369_651d01-32\"><div class=\"kt-block-spacer kt-block-spacer-halign-center\"><hr class=\"kt-divider\"\/><\/div><\/div>\n\n\n\n<h1 class=\"wp-block-heading has-text-align-left has-medium-font-size\" style=\"margin-top:0;margin-right:0;margin-bottom:0;margin-left:0\">Im Jahre 2008 war die Geburtsstunde von &#8222;I und Sie&#8220;. Das Gesangsduo wurde von 2 aktiven K\u00fcnstlern<strong><strong>, Birgit und Hans<\/strong> gegr\u00fcndet.<\/strong><\/h1>\n\n\n\n<h1 class=\"wp-block-heading has-text-align-left has-medium-font-size\" style=\"margin-top:var(--wp--preset--spacing--30);margin-right:0;margin-bottom:var(--wp--preset--spacing--30);margin-left:0;padding-right:0;padding-left:0\"><strong><strong>In einem in Abensberg ans\u00e4ssigen &#8222;kleinen etwas anderen Caf\u00e9&#8220; war der erste Auftritt, allerdings noch ohne K\u00fcnstlername. <\/strong><\/strong><\/h1>\n\n\n\n<h1 class=\"wp-block-heading has-text-align-left has-medium-font-size\" style=\"margin-top:var(--wp--preset--spacing--30);margin-right:0;margin-bottom:var(--wp--preset--spacing--30);margin-left:0\"><strong><strong>Der damalige Wirt schrieb deshalb auf den Tischkarten &#8222;Es unterh\u00e4lt Sie heute Abend: Hansi hinterm See\u201c.<\/strong><\/strong> Etwas gereizt sagte Hans zur Birgit &#8222;Was soll der Krampf, sammle sofort die Tischkarten ein!<\/h1>\n\n\n\n<h1 class=\"wp-block-heading has-text-align-left has-medium-font-size\" style=\"margin-top:var(--wp--preset--spacing--30);margin-right:0;margin-bottom:var(--wp--preset--spacing--30);margin-left:0\"><strong><strong>Ein Gast rief: \u201eUnd wer spielt dann heut?\u201c Hans antwortete spontan:  &#8222;I und Sie&#8220;!  Somit hatten die beiden einen K\u00fcnstlernamen.<\/strong><\/strong><\/h1>\n\n\n\n<h1 class=\"wp-block-heading has-medium-font-size\" style=\"margin-top:var(--wp--preset--spacing--30);margin-bottom:var(--wp--preset--spacing--30);padding-top:0;padding-bottom:0\">Und seit dieser Zeit wurde das Gesangsduo immer erfolgreicher und trat immer h\u00e4ufiger vor wachsendem Publikum auf. <\/h1>\n\n\n\n<h1 class=\"wp-block-heading has-medium-font-size\" style=\"margin-top:var(--wp--preset--spacing--30);margin-bottom:var(--wp--preset--spacing--30);padding-top:0;padding-bottom:0\">Die Fangemeinde wurde immer gr\u00f6\u00dfer, und somit hatte sich das Gesangsduo in der Oberpfalz und Umgebung einen, jetzt nicht mehr wegzudenkenden Bekanntheitsgrad erspielt. F\u00fcr Buchungsanfragen nutzen Sie bitte das untenstehende <strong>Kontaktformular<\/strong>.<\/h1>\n\n\n\n<p><\/p>\n\n\n\n<div class=\"wp-block-columns is-layout-flex wp-container-core-columns-is-layout-9d6595d7 wp-block-columns-is-layout-flex\">\n<div class=\"wp-block-column is-vertically-aligned-center is-layout-flow wp-block-column-is-layout-flow\" style=\"flex-basis:33.34%\"><\/div>\n\n\n\n<div class=\"wp-block-column is-layout-flow wp-block-column-is-layout-flow\" style=\"flex-basis:33.33%\"><style>.wp-block-kadence-column.kb-section-dir-horizontal > .kt-inside-inner-col > .kt-info-box2369_5bcd23-d1 .kt-blocks-info-box-link-wrap{max-width:unset;}.kt-info-box2369_5bcd23-d1 .kt-blocks-info-box-link-wrap{background:var(--global-palette9, #ffffff);padding-top:var(--global-kb-spacing-xs, 1rem);padding-right:var(--global-kb-spacing-xs, 1rem);padding-bottom:var(--global-kb-spacing-xs, 1rem);padding-left:var(--global-kb-spacing-xs, 1rem);}.kt-info-box2369_5bcd23-d1 .kadence-info-box-icon-container .kt-info-svg-icon, .kt-info-box2369_5bcd23-d1 .kt-info-svg-icon-flip, .kt-info-box2369_5bcd23-d1 .kt-blocks-info-box-number{font-size:50px;}.kt-info-box2369_5bcd23-d1 .kt-blocks-info-box-media{border-top-width:0px;border-right-width:0px;border-bottom-width:0px;border-left-width:0px;padding-top:10px;padding-right:10px;padding-bottom:10px;padding-left:10px;}.kt-info-box2369_5bcd23-d1 .kt-blocks-info-box-media-container{margin-top:0px;margin-right:15px;margin-bottom:0px;margin-left:15px;}.kt-info-box2369_5bcd23-d1 .kt-infobox-textcontent h6.kt-blocks-info-box-title{padding-top:0px;padding-right:0px;padding-bottom:0px;padding-left:0px;margin-top:5px;margin-right:0px;margin-bottom:10px;margin-left:0px;}.kt-info-box2369_5bcd23-d1 .kt-blocks-info-box-learnmore{background:transparent;border-width:0px 0px 0px 0px;padding-top:4px;padding-right:8px;padding-bottom:4px;padding-left:8px;margin-top:10px;margin-right:0px;margin-bottom:10px;margin-left:0px;}<\/style>\n<div class=\"wp-block-kadence-infobox kt-info-box2369_5bcd23-d1\"><a class=\"kt-blocks-info-box-link-wrap info-box-link kt-blocks-info-box-media-align-top kt-info-halign-center\" href=\"https:\/\/i-und-sie.de\/wordpress\/kontakt\/\"><div class=\"kt-blocks-info-box-media-container\"><div class=\"kt-blocks-info-box-media kt-info-media-animate-none\"><div class=\"kadence-info-box-icon-container kt-info-icon-animate-none\"><div class=\"kadence-info-box-icon-inner-container\"><span class=\"kb-svg-icon-wrap kb-svg-icon-fe_mail kt-info-svg-icon\"><svg viewBox=\"0 0 24 24\"  fill=\"none\" stroke=\"currentColor\" stroke-width=\"2\" stroke-linecap=\"round\" stroke-linejoin=\"round\" xmlns=\"http:\/\/www.w3.org\/2000\/svg\"  aria-hidden=\"true\"><path d=\"M4 4h16c1.1 0 2 .9 2 2v12c0 1.1-.9 2-2 2H4c-1.1 0-2-.9-2-2V6c0-1.1.9-2 2-2z\"\/><polyline points=\"22,6 12,13 2,6\"\/><\/svg><\/span><\/div><\/div><\/div><\/div><div class=\"kt-infobox-textcontent\"><h6 class=\"kt-blocks-info-box-title\">Zum Kontaktformular<\/h6><p class=\"kt-blocks-info-box-text\"><\/p><\/div><\/a><\/div>\n<\/div>\n\n\n\n<div class=\"wp-block-column is-layout-flow wp-block-column-is-layout-flow\" style=\"flex-basis:33.33%\"><\/div>\n<\/div>\n\n\n\n<p><\/p>\n","protected":false},"excerpt":{"rendered":"<p>I und Sie &#8211; Die K\u00fcnstler Die Geschichte Im Jahre 2008 war die Geburtsstunde von &#8222;I und Sie&#8220;. Das Gesangsduo wurde von 2 aktiven K\u00fcnstlern, Birgit und Hans gegr\u00fcndet. In einem in Abensberg ans\u00e4ssigen &#8222;kleinen etwas anderen Caf\u00e9&#8220; war der erste Auftritt, allerdings noch ohne K\u00fcnstlername. Der damalige Wirt schrieb deshalb auf den Tischkarten &#8222;Es&#8230;<\/p>\n","protected":false},"author":1,"featured_media":0,"parent":0,"menu_order":0,"comment_status":"closed","ping_status":"closed","template":"","meta":{"_kadence_starter_templates_imported_post":false,"_kad_post_transparent":"","_kad_post_title":"","_kad_post_layout":"normal","_kad_post_sidebar_id":"","_kad_post_content_style":"default","_kad_post_vertical_padding":"","_kad_post_feature":"","_kad_post_feature_position":"","_kad_post_header":false,"_kad_post_footer":false,"_kad_post_classname":"","footnotes":""},"class_list":["post-2369","page","type-page","status-publish","hentry"],"_links":{"self":[{"href":"https:\/\/i-und-sie.de\/wordpress\/wp-json\/wp\/v2\/pages\/2369","targetHints":{"allow":["GET"]}}],"collection":[{"href":"https:\/\/i-und-sie.de\/wordpress\/wp-json\/wp\/v2\/pages"}],"about":[{"href":"https:\/\/i-und-sie.de\/wordpress\/wp-json\/wp\/v2\/types\/page"}],"author":[{"embeddable":true,"href":"https:\/\/i-und-sie.de\/wordpress\/wp-json\/wp\/v2\/users\/1"}],"replies":[{"embeddable":true,"href":"https:\/\/i-und-sie.de\/wordpress\/wp-json\/wp\/v2\/comments?post=2369"}],"version-history":[{"count":17,"href":"https:\/\/i-und-sie.de\/wordpress\/wp-json\/wp\/v2\/pages\/2369\/revisions"}],"predecessor-version":[{"id":2863,"href":"https:\/\/i-und-sie.de\/wordpress\/wp-json\/wp\/v2\/pages\/2369\/revisions\/2863"}],"wp:attachment":[{"href":"https:\/\/i-und-sie.de\/wordpress\/wp-json\/wp\/v2\/media?parent=2369"}],"curies":[{"name":"wp","href":"https:\/\/api.w.org\/{rel}","templated":true}]}}