{"id":2382,"date":"2025-08-28T22:04:54","date_gmt":"2025-08-28T22:04:54","guid":{"rendered":"https:\/\/i-und-sie.de\/wordpress\/?page_id=2382"},"modified":"2026-01-16T11:02:16","modified_gmt":"2026-01-16T11:02:16","slug":"kontakt","status":"publish","type":"page","link":"https:\/\/i-und-sie.de\/wordpress\/kontakt\/","title":{"rendered":"KONTAKT"},"content":{"rendered":"<nav style=\"line-height:2.1;\" class=\"has-text-color has-theme-palette9-color has-background has-theme-palette5-background-color has-small-font-size items-justified-center no-wrap alignfull wp-block-navigation is-horizontal is-content-justification-center is-nowrap is-layout-flex wp-container-core-navigation-is-layout-f937b32f wp-block-navigation-is-layout-flex\" aria-label=\"Navigation\"><ul style=\"line-height:2.1;\" class=\"wp-block-navigation__container has-text-color has-theme-palette9-color has-background has-theme-palette5-background-color has-small-font-size items-justified-center no-wrap alignfull wp-block-navigation has-small-font-size\"><li class=\"has-small-font-size wp-block-navigation-item wp-block-navigation-link\"><a class=\"wp-block-navigation-item__content\"  href=\"https:\/\/i-und-sie.de\/wordpress\/\"><span class=\"wp-block-navigation-item__label\">START<\/span><\/a><\/li><li class=\"has-small-font-size wp-block-navigation-item wp-block-navigation-link\"><a class=\"wp-block-navigation-item__content\"  href=\"https:\/\/i-und-sie.de\/wordpress\/kuenstler\/\"><span class=\"wp-block-navigation-item__label\">K\u00dcNSTLER<\/span><\/a><\/li><li data-wp-context=\"{ &quot;submenuOpenedBy&quot;: { &quot;click&quot;: false, &quot;hover&quot;: false, &quot;focus&quot;: false }, &quot;type&quot;: &quot;submenu&quot;, &quot;modal&quot;: null, &quot;previousFocus&quot;: null }\" data-wp-interactive=\"core\/navigation\" data-wp-on--focusout=\"actions.handleMenuFocusout\" data-wp-on--keydown=\"actions.handleMenuKeydown\" data-wp-on--mouseenter=\"actions.openMenuOnHover\" data-wp-on--mouseleave=\"actions.closeMenuOnHover\" data-wp-watch=\"callbacks.initMenu\" tabindex=\"-1\" class=\"wp-block-navigation-item has-small-font-size has-child open-on-hover-click wp-block-navigation-submenu\"><a class=\"wp-block-navigation-item__content\" href=\"#\"><span class=\"wp-block-navigation-item__label\">RUBRIK<\/span><\/a><button data-wp-bind--aria-expanded=\"state.isMenuOpen\" data-wp-on--click=\"actions.toggleMenuOnClick\" aria-label=\"Untermen\u00fc von RUBRIK\" class=\"wp-block-navigation__submenu-icon wp-block-navigation-submenu__toggle\" ><svg xmlns=\"http:\/\/www.w3.org\/2000\/svg\" width=\"12\" height=\"12\" viewBox=\"0 0 12 12\" fill=\"none\" aria-hidden=\"true\" focusable=\"false\"><path d=\"M1.50002 4L6.00002 8L10.5 4\" stroke-width=\"1.5\"><\/path><\/svg><\/button><ul data-wp-on--focus=\"actions.openMenuOnFocus\" style=\"color:#f4c265;\" class=\"wp-block-navigation__submenu-container has-text-color has-background has-theme-palette-5-background-color wp-block-navigation-submenu\"><li class=\"has-small-font-size wp-block-navigation-item wp-block-navigation-link has-small-font-size\"><a class=\"wp-block-navigation-item__content\"  href=\"https:\/\/i-und-sie.de\/wordpress\/bayerisch\/\"><span class=\"wp-block-navigation-item__label\">BAYERISCH<\/span><\/a><\/li><li class=\"has-small-font-size wp-block-navigation-item wp-block-navigation-link has-small-font-size\"><a class=\"wp-block-navigation-item__content\"  href=\"https:\/\/i-und-sie.de\/wordpress\/literarisch\/\"><span class=\"wp-block-navigation-item__label\">LITERARISCH<\/span><\/a><\/li><li class=\"has-small-font-size wp-block-navigation-item wp-block-navigation-link has-small-font-size\"><a class=\"wp-block-navigation-item__content\"  href=\"https:\/\/i-und-sie.de\/wordpress\/liedermacher-und-schlager\/\"><span class=\"wp-block-navigation-item__label\">LIEDERMACHER UND SCHLAGER<\/span><\/a><\/li><li class=\"has-small-font-size wp-block-navigation-item wp-block-navigation-link has-small-font-size\"><a class=\"wp-block-navigation-item__content\"  href=\"https:\/\/i-und-sie.de\/wordpress\/2111-2\/\"><span class=\"wp-block-navigation-item__label\">SPIELMANNKUNST<\/span><\/a><\/li><li class=\"has-small-font-size wp-block-navigation-item wp-block-navigation-link has-small-font-size\"><a class=\"wp-block-navigation-item__content\"  href=\"https:\/\/i-und-sie.de\/wordpress\/westernmusik\/\"><span class=\"wp-block-navigation-item__label\">WESTERNMUSIK<\/span><\/a><\/li><li class=\"has-small-font-size wp-block-navigation-item wp-block-navigation-link has-small-font-size\"><a class=\"wp-block-navigation-item__content\"  href=\"https:\/\/i-und-sie.de\/wordpress\/wienerisch\/\"><span class=\"wp-block-navigation-item__label\">WIENERISCH<\/span><\/a><\/li><\/ul><\/li><li class=\"has-small-font-size wp-block-navigation-item wp-block-navigation-link has-small-font-size\"><a class=\"wp-block-navigation-item__content\"  href=\"https:\/\/i-und-sie.de\/wordpress\/kontakt\/\"><span class=\"wp-block-navigation-item__label\">KONTAKT<\/span><\/a><\/li><li class=\"has-small-font-size wp-block-navigation-item wp-block-navigation-link has-small-font-size\"><a class=\"wp-block-navigation-item__content\"  href=\"https:\/\/i-und-sie.de\/wordpress\/termine\/\"><span class=\"wp-block-navigation-item__label\">VERANSTALTUNGEN<\/span><\/a><\/li><li class=\"has-small-font-size wp-block-navigation-item wp-block-navigation-link has-small-font-size\"><a class=\"wp-block-navigation-item__content\"  href=\"https:\/\/i-und-sie.de\/wordpress\/neuigkeiten\/\"><span class=\"wp-block-navigation-item__label\">NEUIGKEITEN<\/span><\/a><\/li><li class=\"has-small-font-size wp-block-navigation-item wp-block-navigation-link has-small-font-size\"><a class=\"wp-block-navigation-item__content\"  href=\"https:\/\/i-und-sie.de\/wordpress\/datenschutz\/\"><span class=\"wp-block-navigation-item__label\">DATENSCHUTZ<\/span><\/a><\/li><li class=\"has-small-font-size wp-block-navigation-item wp-block-navigation-link has-small-font-size\"><a class=\"wp-block-navigation-item__content\"  href=\"https:\/\/i-und-sie.de\/wordpress\/impressum\/\"><span class=\"wp-block-navigation-item__label\">IMPRESSUM<\/span><\/a><\/li><\/ul><\/nav>\n\n<style>.wp-block-kadence-spacer.kt-block-spacer-2382_71eadd-5f .kt-block-spacer{height:60px;}.wp-block-kadence-spacer.kt-block-spacer-2382_71eadd-5f .kt-divider{border-top-width:1px;height:1px;border-top-color:#eee;width:80%;border-top-style:solid;}<\/style>\n<div class=\"wp-block-kadence-spacer aligncenter kt-block-spacer-2382_71eadd-5f\"><div class=\"kt-block-spacer kt-block-spacer-halign-center\"><hr class=\"kt-divider\"\/><\/div><\/div>\n\n\n<style>.wp-block-kadence-advancedheading.kt-adv-heading2382_41e120-d4, .wp-block-kadence-advancedheading.kt-adv-heading2382_41e120-d4[data-kb-block=\"kb-adv-heading2382_41e120-d4\"]{text-align:center;font-style:normal;}.wp-block-kadence-advancedheading.kt-adv-heading2382_41e120-d4 mark.kt-highlight, .wp-block-kadence-advancedheading.kt-adv-heading2382_41e120-d4[data-kb-block=\"kb-adv-heading2382_41e120-d4\"] mark.kt-highlight{font-style:normal;color:#f76a0c;-webkit-box-decoration-break:clone;box-decoration-break:clone;padding-top:0px;padding-right:0px;padding-bottom:0px;padding-left:0px;}.wp-block-kadence-advancedheading.kt-adv-heading2382_41e120-d4 img.kb-inline-image, .wp-block-kadence-advancedheading.kt-adv-heading2382_41e120-d4[data-kb-block=\"kb-adv-heading2382_41e120-d4\"] img.kb-inline-image{width:150px;vertical-align:baseline;}<\/style>\n<h1 class=\"kt-adv-heading2382_41e120-d4 wp-block-kadence-advancedheading\" data-kb-block=\"kb-adv-heading2382_41e120-d4\"><strong>KONTAKT<\/strong><\/h1>\n\n\n<style>.kadence-column2382_770a2e-46 > .kt-inside-inner-col{display:flex;}.kadence-column2382_770a2e-46 > .kt-inside-inner-col,.kadence-column2382_770a2e-46 > .kt-inside-inner-col:before{border-top-left-radius:0px;border-top-right-radius:0px;border-bottom-right-radius:0px;border-bottom-left-radius:0px;}.kadence-column2382_770a2e-46 > .kt-inside-inner-col{row-gap:var(--global-kb-gap-none, 0rem );column-gap:var(--global-kb-gap-sm, 1rem);}.kadence-column2382_770a2e-46 > .kt-inside-inner-col{flex-direction:column-reverse;justify-content:center;align-items:center;}.kadence-column2382_770a2e-46 > .kt-inside-inner-col > .kb-image-is-ratio-size{align-self:stretch;}.kadence-column2382_770a2e-46 > .kt-inside-inner-col > .wp-block-kadence-advancedgallery{align-self:stretch;}.kadence-column2382_770a2e-46 > .kt-inside-inner-col > .aligncenter{width:100%;}.kt-row-column-wrap > .kadence-column2382_770a2e-46{align-self:center;}.kt-inner-column-height-full:not(.kt-has-1-columns) > .wp-block-kadence-column.kadence-column2382_770a2e-46{align-self:auto;}.kt-inner-column-height-full:not(.kt-has-1-columns) > .wp-block-kadence-column.kadence-column2382_770a2e-46 > .kt-inside-inner-col{flex-direction:column;justify-content:center;}.kadence-column2382_770a2e-46 > .kt-inside-inner-col:before{opacity:0.3;}.kadence-column2382_770a2e-46{text-align:center;}.kadence-column2382_770a2e-46{position:relative;}@media all and (max-width: 1024px){.kt-row-column-wrap > .kadence-column2382_770a2e-46{align-self:center;}}@media all and (max-width: 1024px){.kt-inner-column-height-full:not(.kt-has-1-columns) > .wp-block-kadence-column.kadence-column2382_770a2e-46{align-self:auto;}}@media all and (max-width: 1024px){.kt-inner-column-height-full:not(.kt-has-1-columns) > .wp-block-kadence-column.kadence-column2382_770a2e-46 > .kt-inside-inner-col{flex-direction:column;justify-content:center;}}@media all and (max-width: 1024px){.kadence-column2382_770a2e-46 > .kt-inside-inner-col{flex-direction:column-reverse;justify-content:center;align-items:center;}}@media all and (max-width: 767px){.kt-row-column-wrap > .kadence-column2382_770a2e-46{align-self:center;}.kt-inner-column-height-full:not(.kt-has-1-columns) > .wp-block-kadence-column.kadence-column2382_770a2e-46{align-self:auto;}.kt-inner-column-height-full:not(.kt-has-1-columns) > .wp-block-kadence-column.kadence-column2382_770a2e-46 > .kt-inside-inner-col{flex-direction:column;justify-content:center;}.kadence-column2382_770a2e-46 > .kt-inside-inner-col{flex-direction:column-reverse;justify-content:center;align-items:center;}}<\/style>\n<div class=\"wp-block-kadence-column kadence-column2382_770a2e-46 kb-section-dir-vertical-reverse\"><div class=\"kt-inside-inner-col\">\n<img loading=\"lazy\" decoding=\"async\" width=\"2400\" height=\"1600\" class=\"gb-media-a6e9a2d1\" src=\"https:\/\/i-und-sie.de\/wordpress\/wp-content\/uploads\/2025\/08\/Shootings_25_08_IundSie-12klein.jpg\" alt=\"\" title=\"Shootings_25_08_IundSie-12klein\" srcset=\"https:\/\/i-und-sie.de\/wordpress\/wp-content\/uploads\/2025\/08\/Shootings_25_08_IundSie-12klein.jpg 2400w, https:\/\/i-und-sie.de\/wordpress\/wp-content\/uploads\/2025\/08\/Shootings_25_08_IundSie-12klein-300x200.jpg 300w, https:\/\/i-und-sie.de\/wordpress\/wp-content\/uploads\/2025\/08\/Shootings_25_08_IundSie-12klein-1024x683.jpg 1024w, https:\/\/i-und-sie.de\/wordpress\/wp-content\/uploads\/2025\/08\/Shootings_25_08_IundSie-12klein-768x512.jpg 768w, https:\/\/i-und-sie.de\/wordpress\/wp-content\/uploads\/2025\/08\/Shootings_25_08_IundSie-12klein-1536x1024.jpg 1536w, https:\/\/i-und-sie.de\/wordpress\/wp-content\/uploads\/2025\/08\/Shootings_25_08_IundSie-12klein-2048x1365.jpg 2048w, https:\/\/i-und-sie.de\/wordpress\/wp-content\/uploads\/2025\/08\/Shootings_25_08_IundSie-12klein-600x400.jpg 600w\" sizes=\"auto, (max-width: 2400px) 100vw, 2400px\" \/>\n<\/div><\/div>\n\n\n<style>.wp-block-kadence-spacer.kt-block-spacer-2382_613b8d-77 .kt-block-spacer{height:60px;}.wp-block-kadence-spacer.kt-block-spacer-2382_613b8d-77 .kt-divider{border-top-width:1px;height:1px;border-top-color:#eee;width:80%;border-top-style:solid;}<\/style>\n<div class=\"wp-block-kadence-spacer aligncenter kt-block-spacer-2382_613b8d-77\"><div class=\"kt-block-spacer kt-block-spacer-halign-center\"><hr class=\"kt-divider\"\/><\/div><\/div>\n\n\n\n<h2 class=\"gb-text gb-text-d6370edb\"><strong>Nehmen Sie Kontakt mit uns auf!<\/strong><\/h2>\n\n\n\n<h1 class=\"wp-block-heading has-text-align-center has-medium-font-size\" style=\"margin-top:var(--wp--preset--spacing--30);margin-right:0;margin-bottom:var(--wp--preset--spacing--30);margin-left:0;padding-right:0;padding-left:0\"><strong><strong>Wir freuen uns sehr \u00fcber Ihr Interesse an unserer Musik und m\u00f6chten Sie herzlich einladen, uns eine Nachricht zu schreiben. Egal, ob Sie eine <strong>Buchungsanfrage f\u00fcr Ihre Veranstaltung<\/strong> haben, eine Frage zu unserem Repertoire oder einfach nur Hallo sagen m\u00f6chten \u2013 wir sind gespannt, von Ihnen zu h\u00f6ren.<\/strong><\/strong><\/h1>\n\n\n\n<h1 class=\"wp-block-heading has-text-align-center has-medium-font-size\" style=\"margin-top:var(--wp--preset--spacing--30);margin-right:0;margin-bottom:var(--wp--preset--spacing--30);margin-left:0\">Wir geben unser Bestes, jede Anfrage pers\u00f6nlich und so schnell wie m\u00f6glich zu beantworten.<\/h1>\n\n\n\n<h1 class=\"wp-block-heading has-text-align-center has-medium-font-size\" style=\"margin-top:var(--wp--preset--spacing--30);margin-right:0;margin-bottom:var(--wp--preset--spacing--30);margin-left:0\"><strong><strong>Bitte f\u00fcllen Sie einfach das untenstehende Formular aus. Wir freuen uns darauf, von Ihnen zu lesen!<\/strong><\/strong><\/h1>\n\n\n\n<p><\/p>\n\n\n\n<div class=\"gb-element-5ee1b59d  alignwide\"><div class=\"kfu-wrap\">    <form class=\"kfu-form\" method=\"post\" action=\"\">\n      <input type=\"hidden\" id=\"kfu_nonce\" name=\"kfu_nonce\" value=\"581e27ccda\" \/><input type=\"hidden\" name=\"_wp_http_referer\" value=\"\/wordpress\/wp-json\/wp\/v2\/pages\/2382\" \/>      <input type=\"hidden\" name=\"kfu_ts\" value=\"1776568362\">\n\n      <!-- Honeypot (muss leer bleiben) -->\n      <div class=\"kfu-hp\" aria-hidden=\"true\">\n        <label>Bitte leer lassen <input type=\"text\" name=\"kfu_hp\" tabindex=\"-1\" autocomplete=\"off\"><\/label>\n      <\/div>\n\n      <div class=\"kfu-grid kfu-grid-2\">\n        <div class=\"kfu-field\">\n          <label>Nachname <span class=\"kfu-req\">*<\/span><\/label>\n          <input type=\"text\" name=\"kfu_nachname\" required>\n        <\/div>\n\n        <div class=\"kfu-field\">\n          <label>Vorname <span class=\"kfu-req\">*<\/span><\/label>\n          <input type=\"text\" name=\"kfu_vorname\" required>\n        <\/div>\n\n        <div class=\"kfu-field\">\n          <label>Email <span class=\"kfu-req\">*<\/span><\/label>\n          <input type=\"email\" name=\"kfu_email\" required>\n        <\/div>\n\n        <div class=\"kfu-field\">\n          <label>Plz, Ort<\/label>\n          <input type=\"text\" name=\"kfu_plzort\">\n        <\/div>\n\n        <div class=\"kfu-field\">\n          <label>Strasse, Hausnr.<\/label>\n          <input type=\"text\" name=\"kfu_strasse\">\n        <\/div>\n\n        <div class=\"kfu-field\">\n          <label>Telefon<\/label>\n          <input type=\"text\" name=\"kfu_telefon\">\n        <\/div>\n      <\/div>\n\n      <div class=\"kfu-grid kfu-grid-2 kfu-gap-lg kfu-mt-lg\">\n        <fieldset class=\"kfu-fieldset\">\n          <legend>Feldbezeichnung<\/legend>\n          <label class=\"kfu-check\"><input type=\"checkbox\" name=\"kfu_thema[]\" value=\"Information \/ Ausk\u00fcnfte\"> <span>Information \/ Ausk\u00fcnfte<\/span><\/label>\n          <label class=\"kfu-check\"><input type=\"checkbox\" name=\"kfu_thema[]\" value=\"Anregungen \/ W\u00fcnsche\"> <span>Anregungen \/ W\u00fcnsche<\/span><\/label>\n        <\/fieldset>\n\n        <fieldset class=\"kfu-fieldset\">\n          <legend>Feldbezeichnung<\/legend>\n          <label class=\"kfu-check\"><input type=\"checkbox\" name=\"kfu_thema[]\" value=\"Buchung \/ Reservierung\"> <span>Buchung \/ Reservierung<\/span><\/label>\n          <label class=\"kfu-check\"><input type=\"checkbox\" name=\"kfu_thema[]\" value=\"Sonstiges\"> <span>Sonstiges<\/span><\/label>\n        <\/fieldset>\n      <\/div>\n\n      <div class=\"kfu-field kfu-mt-lg\">\n        <label>Ihre Nachricht <span class=\"kfu-req\">*<\/span><\/label>\n        <textarea name=\"kfu_message\" rows=\"7\" required><\/textarea>\n      <\/div>\n\n      <div class=\"kfu-field kfu-mt-lg\">\n        <label>Captcha: 9 + 1 = <span class=\"kfu-req\">*<\/span><\/label>\n        <div class=\"kfu-captcha-row\">\n          <input type=\"text\" name=\"kfu_captcha\" inputmode=\"numeric\" pattern=\"[0-9]*\" required>\n        <\/div>\n        <input type=\"hidden\" name=\"kfu_captcha_token\" value=\"x49EKjfQmx2KBk6u\">\n        <input type=\"hidden\" name=\"kfu_captcha_ts\" value=\"1776568362\">\n        <input type=\"hidden\" name=\"kfu_captcha_hash\" value=\"514d68c63eb988ac1f105ae2bcfcfd9c4cfd2c6982d1dde08ddcc1e52a6d48a6\">\n      <\/div>\n\n      <div class=\"kfu-actions\">\n        <button class=\"kfu-btn\" type=\"submit\" name=\"kfu_submit\" value=\"1\">\n          Senden\n          <span class=\"kfu-icon\" aria-hidden=\"true\">\u2708<\/span>\n        <\/button>\n      <\/div>\n    <\/form>\n    <\/div>\n<\/div>\n","protected":false},"excerpt":{"rendered":"<p>KONTAKT Nehmen Sie Kontakt mit uns auf! Wir freuen uns sehr \u00fcber Ihr Interesse an unserer Musik und m\u00f6chten Sie herzlich einladen, uns eine Nachricht zu schreiben. Egal, ob Sie eine Buchungsanfrage f\u00fcr Ihre Veranstaltung haben, eine Frage zu unserem Repertoire oder einfach nur Hallo sagen m\u00f6chten \u2013 wir sind gespannt, von Ihnen zu h\u00f6ren&#8230;.<\/p>\n","protected":false},"author":1,"featured_media":0,"parent":0,"menu_order":0,"comment_status":"closed","ping_status":"closed","template":"","meta":{"_kadence_starter_templates_imported_post":false,"_kad_post_transparent":"","_kad_post_title":"","_kad_post_layout":"normal","_kad_post_sidebar_id":"","_kad_post_content_style":"default","_kad_post_vertical_padding":"","_kad_post_feature":"","_kad_post_feature_position":"","_kad_post_header":false,"_kad_post_footer":false,"_kad_post_classname":"","footnotes":""},"class_list":["post-2382","page","type-page","status-publish","hentry"],"_links":{"self":[{"href":"https:\/\/i-und-sie.de\/wordpress\/wp-json\/wp\/v2\/pages\/2382","targetHints":{"allow":["GET"]}}],"collection":[{"href":"https:\/\/i-und-sie.de\/wordpress\/wp-json\/wp\/v2\/pages"}],"about":[{"href":"https:\/\/i-und-sie.de\/wordpress\/wp-json\/wp\/v2\/types\/page"}],"author":[{"embeddable":true,"href":"https:\/\/i-und-sie.de\/wordpress\/wp-json\/wp\/v2\/users\/1"}],"replies":[{"embeddable":true,"href":"https:\/\/i-und-sie.de\/wordpress\/wp-json\/wp\/v2\/comments?post=2382"}],"version-history":[{"count":2,"href":"https:\/\/i-und-sie.de\/wordpress\/wp-json\/wp\/v2\/pages\/2382\/revisions"}],"predecessor-version":[{"id":2865,"href":"https:\/\/i-und-sie.de\/wordpress\/wp-json\/wp\/v2\/pages\/2382\/revisions\/2865"}],"wp:attachment":[{"href":"https:\/\/i-und-sie.de\/wordpress\/wp-json\/wp\/v2\/media?parent=2382"}],"curies":[{"name":"wp","href":"https:\/\/api.w.org\/{rel}","templated":true}]}}