{"id":2499,"date":"2025-09-10T14:19:13","date_gmt":"2025-09-10T14:19:13","guid":{"rendered":"https:\/\/i-und-sie.de\/wordpress\/?page_id=2499"},"modified":"2026-01-16T13:57:08","modified_gmt":"2026-01-16T13:57:08","slug":"neuigkeiten","status":"publish","type":"page","link":"https:\/\/i-und-sie.de\/wordpress\/neuigkeiten\/","title":{"rendered":"NEUIGKEITEN"},"content":{"rendered":"<nav style=\"line-height:2.1;\" class=\"has-text-color has-theme-palette9-color has-background has-theme-palette5-background-color has-small-font-size items-justified-center no-wrap alignfull wp-block-navigation is-horizontal is-content-justification-center is-nowrap is-layout-flex wp-container-core-navigation-is-layout-f937b32f wp-block-navigation-is-layout-flex\" aria-label=\"Navigation\"><ul style=\"line-height:2.1;\" class=\"wp-block-navigation__container has-text-color has-theme-palette9-color has-background has-theme-palette5-background-color has-small-font-size items-justified-center no-wrap alignfull wp-block-navigation has-small-font-size\"><li class=\"has-small-font-size wp-block-navigation-item wp-block-navigation-link\"><a class=\"wp-block-navigation-item__content\"  href=\"https:\/\/i-und-sie.de\/wordpress\/\"><span class=\"wp-block-navigation-item__label\">START<\/span><\/a><\/li><li class=\"has-small-font-size wp-block-navigation-item wp-block-navigation-link\"><a class=\"wp-block-navigation-item__content\"  href=\"https:\/\/i-und-sie.de\/wordpress\/kuenstler\/\"><span class=\"wp-block-navigation-item__label\">K\u00dcNSTLER<\/span><\/a><\/li><li data-wp-context=\"{ &quot;submenuOpenedBy&quot;: { &quot;click&quot;: false, &quot;hover&quot;: false, &quot;focus&quot;: false }, &quot;type&quot;: &quot;submenu&quot;, &quot;modal&quot;: null, &quot;previousFocus&quot;: null }\" data-wp-interactive=\"core\/navigation\" data-wp-on--focusout=\"actions.handleMenuFocusout\" data-wp-on--keydown=\"actions.handleMenuKeydown\" data-wp-on--mouseenter=\"actions.openMenuOnHover\" data-wp-on--mouseleave=\"actions.closeMenuOnHover\" data-wp-watch=\"callbacks.initMenu\" tabindex=\"-1\" class=\"wp-block-navigation-item has-small-font-size has-child open-on-hover-click wp-block-navigation-submenu\"><a class=\"wp-block-navigation-item__content\" href=\"#\"><span class=\"wp-block-navigation-item__label\">RUBRIK<\/span><\/a><button data-wp-bind--aria-expanded=\"state.isMenuOpen\" data-wp-on--click=\"actions.toggleMenuOnClick\" aria-label=\"Untermen\u00fc von RUBRIK\" class=\"wp-block-navigation__submenu-icon wp-block-navigation-submenu__toggle\" ><svg xmlns=\"http:\/\/www.w3.org\/2000\/svg\" width=\"12\" height=\"12\" viewBox=\"0 0 12 12\" fill=\"none\" aria-hidden=\"true\" focusable=\"false\"><path d=\"M1.50002 4L6.00002 8L10.5 4\" stroke-width=\"1.5\"><\/path><\/svg><\/button><ul data-wp-on--focus=\"actions.openMenuOnFocus\" style=\"color:#f4c265;\" class=\"wp-block-navigation__submenu-container has-text-color has-background has-theme-palette-5-background-color wp-block-navigation-submenu\"><li class=\"has-small-font-size wp-block-navigation-item wp-block-navigation-link has-small-font-size\"><a class=\"wp-block-navigation-item__content\"  href=\"https:\/\/i-und-sie.de\/wordpress\/bayerisch\/\"><span class=\"wp-block-navigation-item__label\">BAYERISCH<\/span><\/a><\/li><li class=\"has-small-font-size wp-block-navigation-item wp-block-navigation-link has-small-font-size\"><a class=\"wp-block-navigation-item__content\"  href=\"https:\/\/i-und-sie.de\/wordpress\/literarisch\/\"><span class=\"wp-block-navigation-item__label\">LITERARISCH<\/span><\/a><\/li><li class=\"has-small-font-size wp-block-navigation-item wp-block-navigation-link has-small-font-size\"><a class=\"wp-block-navigation-item__content\"  href=\"https:\/\/i-und-sie.de\/wordpress\/liedermacher-und-schlager\/\"><span class=\"wp-block-navigation-item__label\">LIEDERMACHER UND SCHLAGER<\/span><\/a><\/li><li class=\"has-small-font-size wp-block-navigation-item wp-block-navigation-link has-small-font-size\"><a class=\"wp-block-navigation-item__content\"  href=\"https:\/\/i-und-sie.de\/wordpress\/2111-2\/\"><span class=\"wp-block-navigation-item__label\">SPIELMANNKUNST<\/span><\/a><\/li><li class=\"has-small-font-size wp-block-navigation-item wp-block-navigation-link has-small-font-size\"><a class=\"wp-block-navigation-item__content\"  href=\"https:\/\/i-und-sie.de\/wordpress\/westernmusik\/\"><span class=\"wp-block-navigation-item__label\">WESTERNMUSIK<\/span><\/a><\/li><li class=\"has-small-font-size wp-block-navigation-item wp-block-navigation-link has-small-font-size\"><a class=\"wp-block-navigation-item__content\"  href=\"https:\/\/i-und-sie.de\/wordpress\/wienerisch\/\"><span class=\"wp-block-navigation-item__label\">WIENERISCH<\/span><\/a><\/li><\/ul><\/li><li class=\"has-small-font-size wp-block-navigation-item wp-block-navigation-link has-small-font-size\"><a class=\"wp-block-navigation-item__content\"  href=\"https:\/\/i-und-sie.de\/wordpress\/kontakt\/\"><span class=\"wp-block-navigation-item__label\">KONTAKT<\/span><\/a><\/li><li class=\"has-small-font-size wp-block-navigation-item wp-block-navigation-link has-small-font-size\"><a class=\"wp-block-navigation-item__content\"  href=\"https:\/\/i-und-sie.de\/wordpress\/termine\/\"><span class=\"wp-block-navigation-item__label\">VERANSTALTUNGEN<\/span><\/a><\/li><li class=\"has-small-font-size wp-block-navigation-item wp-block-navigation-link has-small-font-size\"><a class=\"wp-block-navigation-item__content\"  href=\"https:\/\/i-und-sie.de\/wordpress\/neuigkeiten\/\"><span class=\"wp-block-navigation-item__label\">NEUIGKEITEN<\/span><\/a><\/li><li class=\"has-small-font-size wp-block-navigation-item wp-block-navigation-link has-small-font-size\"><a class=\"wp-block-navigation-item__content\"  href=\"https:\/\/i-und-sie.de\/wordpress\/datenschutz\/\"><span class=\"wp-block-navigation-item__label\">DATENSCHUTZ<\/span><\/a><\/li><li class=\"has-small-font-size wp-block-navigation-item wp-block-navigation-link has-small-font-size\"><a class=\"wp-block-navigation-item__content\"  href=\"https:\/\/i-und-sie.de\/wordpress\/impressum\/\"><span class=\"wp-block-navigation-item__label\">IMPRESSUM<\/span><\/a><\/li><\/ul><\/nav>\n\n<style>.wp-block-kadence-advancedheading.kt-adv-heading2499_9e4239-26, .wp-block-kadence-advancedheading.kt-adv-heading2499_9e4239-26[data-kb-block=\"kb-adv-heading2499_9e4239-26\"]{text-align:center;font-size:var(--global-kb-font-size-xxl, 4rem);font-style:normal;}.wp-block-kadence-advancedheading.kt-adv-heading2499_9e4239-26 mark.kt-highlight, .wp-block-kadence-advancedheading.kt-adv-heading2499_9e4239-26[data-kb-block=\"kb-adv-heading2499_9e4239-26\"] mark.kt-highlight{font-style:normal;color:#f76a0c;-webkit-box-decoration-break:clone;box-decoration-break:clone;padding-top:0px;padding-right:0px;padding-bottom:0px;padding-left:0px;}.wp-block-kadence-advancedheading.kt-adv-heading2499_9e4239-26 img.kb-inline-image, .wp-block-kadence-advancedheading.kt-adv-heading2499_9e4239-26[data-kb-block=\"kb-adv-heading2499_9e4239-26\"] img.kb-inline-image{width:150px;vertical-align:baseline;}<\/style>\n<h1 class=\"kt-adv-heading2499_9e4239-26 wp-block-kadence-advancedheading\" data-kb-block=\"kb-adv-heading2499_9e4239-26\"><strong>NEUIGKEITEN<\/strong><\/h1>\n\n\n\n<p><strong>Liebe Fans, liebe Wegbegleiterinnen und Wegbegleiter,<\/strong><\/p>\n\n\n\n<p>wir m\u00f6chten heute einen Moment innehalten und von Herzen Danke sagen. Ohne euch w\u00e4re unsere Musik nicht das, was sie ist \u2013 ein lebendiges Band zwischen uns und euch, das uns immer wieder neu inspiriert, antreibt und ber\u00fchrt.<\/p>\n\n\n\n<p>Jedes gesungene Wort, jede gespielte Note gewinnt erst durch euch Bedeutung. Eure offene Aufnahme, euer Mitsingen bei Konzerten, euer Feedback nach Auftritten und online \u2013 all das schenkt uns Kraft und die Gewissheit, dass wir mit unserer Musik etwas bewegen d\u00fcrfen.<\/p>\n\n\n\n<p>Ihr wart bei unseren ersten Schritten dabei, habt uns in kleinen Clubs und auf gro\u00dfen B\u00fchnen begleitet, uns Mut gemacht, wenn Zweifel aufkamen, und mit uns gefeiert, wenn die Musik geflogen ist. Dass ihr uns euer Vertrauen schenkt, dass ihr unsere Texte in euren Alltag mitnehmt, dass ihr uns die Treue haltet \u2013 all das erf\u00fcllt uns mit tiefer Dankbarkeit.<\/p>\n\n\n\n<p>Danke f\u00fcr euer Zuh\u00f6ren.<br>Danke f\u00fcr euer Dasein.<br>Danke f\u00fcr eure Liebe zur Musik und zu dem, was wir gemeinsam erschaffen.<\/p>\n\n\n\n<p>Wir sehen in euch nicht nur Zuh\u00f6rer, sondern Teil unserer musikalischen Familie. Jede Nachricht, jedes L\u00e4cheln im Publikum, jede Begegnung zeigt uns: \u201eI und Sie\u201c ist mehr als ein Duo \u2013 es ist eine Gemeinschaft.<\/p>\n\n\n\n<p>Von Herzen: Danke, dass ihr diesen Weg mit uns geht.<br>Wir freuen uns auf all die Lieder, Konzerte und Momente, die noch vor uns liegen \u2013 gemeinsam mit euch.<\/p>\n\n\n\n<p>Euer Musikduo I und Sie<\/p>\n\n\n\n<div style=\"height:calc( 0.25 * var(--wp--style--root--padding-right, var(--wp--custom--gap--horizontal)));width:0px\" aria-hidden=\"true\" class=\"wp-block-spacer\"><\/div>\n\n\n\n<div class=\"wp-block-columns alignwide is-layout-flex wp-container-core-columns-is-layout-64f76b35 wp-block-columns-is-layout-flex\" style=\"margin-bottom:0;padding-top:0;padding-right:var(--wp--preset--spacing--80);padding-bottom:0;padding-left:var(--wp--preset--spacing--80)\">\n<div class=\"wp-block-column has-text-color has-background has-link-color wp-elements-4407523f5bc03128559d90d296122c6f is-layout-constrained wp-container-core-column-is-layout-19f38858 wp-block-column-is-layout-constrained\" style=\"color:#000000;background-color:#ffe97d;padding-top:2em;padding-right:2em;padding-bottom:2em;padding-left:2em\">\n<h3 class=\"wp-block-heading\" id=\"single\" style=\"font-size:25px\"><strong>F\u00dcR DICH     <\/strong>                                         <\/h3>\n\n\n<style>.wp-block-kadence-spacer.kt-block-spacer-2499_940fb9-62 .kt-block-spacer{height:24px;}.wp-block-kadence-spacer.kt-block-spacer-2499_940fb9-62 .kt-divider{border-top-width:1px;height:1px;border-top-color:#eee;width:80%;border-top-style:solid;}<\/style>\n<div class=\"wp-block-kadence-spacer aligncenter kt-block-spacer-2499_940fb9-62\"><div class=\"kt-block-spacer kt-block-spacer-halign-center\"><hr class=\"kt-divider\"\/><\/div><\/div>\n\n\n\n<hr class=\"wp-block-separator has-css-opacity is-style-wide\"\/>\n\n\n\n<p class=\"has-normal-font-size\" style=\"line-height:1.5\">Erscheinungsjahr: 2015<\/p>\n\n\n<style>.kb-image2499_a702ca-40 .kb-image-has-overlay:after{opacity:0.3;}<\/style>\n<figure class=\"wp-block-kadence-image kb-image2499_a702ca-40 size-large\"><img loading=\"lazy\" decoding=\"async\" width=\"1015\" height=\"1024\" src=\"https:\/\/i-und-sie.de\/wordpress\/wp-content\/uploads\/2025\/12\/IMG-20251125-WA0006-1015x1024.jpg\" alt=\"\" class=\"kb-img wp-image-2757\" srcset=\"https:\/\/i-und-sie.de\/wordpress\/wp-content\/uploads\/2025\/12\/IMG-20251125-WA0006-1015x1024.jpg 1015w, https:\/\/i-und-sie.de\/wordpress\/wp-content\/uploads\/2025\/12\/IMG-20251125-WA0006-297x300.jpg 297w, https:\/\/i-und-sie.de\/wordpress\/wp-content\/uploads\/2025\/12\/IMG-20251125-WA0006-150x150.jpg 150w, https:\/\/i-und-sie.de\/wordpress\/wp-content\/uploads\/2025\/12\/IMG-20251125-WA0006-768x775.jpg 768w, https:\/\/i-und-sie.de\/wordpress\/wp-content\/uploads\/2025\/12\/IMG-20251125-WA0006.jpg 1148w\" sizes=\"auto, (max-width: 1015px) 100vw, 1015px\" \/><\/figure>\n\n\n<style>.kb-image2499_a027c5-02.kb-image-is-ratio-size, .kb-image2499_a027c5-02 .kb-image-is-ratio-size{max-width:280px;width:100%;}.wp-block-kadence-column > .kt-inside-inner-col > .kb-image2499_a027c5-02.kb-image-is-ratio-size, .wp-block-kadence-column > .kt-inside-inner-col > .kb-image2499_a027c5-02 .kb-image-is-ratio-size{align-self:unset;}.kb-image2499_a027c5-02{max-width:280px;}.image-is-svg.kb-image2499_a027c5-02{-webkit-flex:0 1 100%;flex:0 1 100%;}.image-is-svg.kb-image2499_a027c5-02 img{width:100%;}.kb-image2499_a027c5-02 .kb-image-has-overlay:after{opacity:0.3;}<\/style>\n<figure class=\"wp-block-kadence-image kb-image2499_a027c5-02 size-large\"><img loading=\"lazy\" decoding=\"async\" width=\"1024\" height=\"925\" src=\"https:\/\/i-und-sie.de\/wordpress\/wp-content\/uploads\/2025\/12\/IMG-20251125-WA0002-1024x925.jpg\" alt=\"\" class=\"kb-img wp-image-2784\" srcset=\"https:\/\/i-und-sie.de\/wordpress\/wp-content\/uploads\/2025\/12\/IMG-20251125-WA0002-1024x925.jpg 1024w, https:\/\/i-und-sie.de\/wordpress\/wp-content\/uploads\/2025\/12\/IMG-20251125-WA0002-300x271.jpg 300w, https:\/\/i-und-sie.de\/wordpress\/wp-content\/uploads\/2025\/12\/IMG-20251125-WA0002-768x694.jpg 768w, https:\/\/i-und-sie.de\/wordpress\/wp-content\/uploads\/2025\/12\/IMG-20251125-WA0002.jpg 1195w\" sizes=\"auto, (max-width: 1024px) 100vw, 1024px\" \/><\/figure>\n<\/div>\n\n\n\n<div class=\"wp-block-column has-text-color has-background has-link-color wp-elements-8deb982d2fa88bd2863befc4d327a6bc is-layout-constrained wp-container-core-column-is-layout-19f38858 wp-block-column-is-layout-constrained\" style=\"color:#000000;background-color:#d1d1e1;padding-top:2em;padding-right:2em;padding-bottom:2em;padding-left:2em\">\n<h2 class=\"wp-block-heading\" id=\"family\" style=\"font-size:25px\"><strong>MELODIEN DIE MAN NIE VERGISST<\/strong><\/h2>\n\n\n\n<hr class=\"wp-block-separator has-css-opacity is-style-wide\"\/>\n\n\n\n<p class=\"has-normal-font-size\">Erscheinungsjahr: 2022<\/p>\n\n\n<style>.kb-image2499_dd9419-ac .kb-image-has-overlay:after{opacity:0.3;}<\/style>\n<figure class=\"wp-block-kadence-image kb-image2499_dd9419-ac size-large\"><img loading=\"lazy\" decoding=\"async\" width=\"995\" height=\"1024\" src=\"https:\/\/i-und-sie.de\/wordpress\/wp-content\/uploads\/2025\/12\/IMG-20251125-WA0005-995x1024.jpg\" alt=\"\" class=\"kb-img wp-image-2758\" srcset=\"https:\/\/i-und-sie.de\/wordpress\/wp-content\/uploads\/2025\/12\/IMG-20251125-WA0005-995x1024.jpg 995w, https:\/\/i-und-sie.de\/wordpress\/wp-content\/uploads\/2025\/12\/IMG-20251125-WA0005-292x300.jpg 292w, https:\/\/i-und-sie.de\/wordpress\/wp-content\/uploads\/2025\/12\/IMG-20251125-WA0005-768x790.jpg 768w, https:\/\/i-und-sie.de\/wordpress\/wp-content\/uploads\/2025\/12\/IMG-20251125-WA0005.jpg 1139w\" sizes=\"auto, (max-width: 995px) 100vw, 995px\" \/><\/figure>\n\n\n<style>.kb-image2499_08a889-8e .kb-image-has-overlay:after{opacity:0.3;}<\/style>\n<figure class=\"wp-block-kadence-image kb-image2499_08a889-8e size-large\"><img loading=\"lazy\" decoding=\"async\" width=\"997\" height=\"1024\" src=\"https:\/\/i-und-sie.de\/wordpress\/wp-content\/uploads\/2025\/12\/IMG-20251125-WA0004-1-997x1024.jpg\" alt=\"\" class=\"kb-img wp-image-2788\" srcset=\"https:\/\/i-und-sie.de\/wordpress\/wp-content\/uploads\/2025\/12\/IMG-20251125-WA0004-1-997x1024.jpg 997w, https:\/\/i-und-sie.de\/wordpress\/wp-content\/uploads\/2025\/12\/IMG-20251125-WA0004-1-292x300.jpg 292w, https:\/\/i-und-sie.de\/wordpress\/wp-content\/uploads\/2025\/12\/IMG-20251125-WA0004-1-768x789.jpg 768w, https:\/\/i-und-sie.de\/wordpress\/wp-content\/uploads\/2025\/12\/IMG-20251125-WA0004-1.jpg 1024w\" sizes=\"auto, (max-width: 997px) 100vw, 997px\" \/><\/figure>\n<\/div>\n\n\n\n<div class=\"wp-block-column has-text-color has-background has-link-color wp-elements-5ad906f3349d359f5d00e080e9af84cc is-layout-constrained wp-container-core-column-is-layout-19f38858 wp-block-column-is-layout-constrained\" style=\"color:#000000;background-color:#c0ebf1;padding-top:2em;padding-right:2em;padding-bottom:2em;padding-left:2em\">\n<h2 class=\"wp-block-heading\" id=\"patron\" style=\"font-size:25px\"><strong>WIENER LIEDER IN DUR UND MOLL<\/strong><\/h2>\n\n\n\n<hr class=\"wp-block-separator has-css-opacity is-style-wide\"\/>\n\n\n\n<p class=\"has-normal-font-size\">Erscheinungsjahr: 2023<\/p>\n\n\n<style>.kb-image2499_cd0cc0-14 .kb-image-has-overlay:after{opacity:0.3;}<\/style>\n<figure class=\"wp-block-kadence-image kb-image2499_cd0cc0-14 size-large\"><img loading=\"lazy\" decoding=\"async\" width=\"960\" height=\"1024\" src=\"https:\/\/i-und-sie.de\/wordpress\/wp-content\/uploads\/2025\/12\/IMG-20251125-WA0007-960x1024.jpg\" alt=\"\" class=\"kb-img wp-image-2759\" srcset=\"https:\/\/i-und-sie.de\/wordpress\/wp-content\/uploads\/2025\/12\/IMG-20251125-WA0007-960x1024.jpg 960w, https:\/\/i-und-sie.de\/wordpress\/wp-content\/uploads\/2025\/12\/IMG-20251125-WA0007-281x300.jpg 281w, https:\/\/i-und-sie.de\/wordpress\/wp-content\/uploads\/2025\/12\/IMG-20251125-WA0007-768x819.jpg 768w, https:\/\/i-und-sie.de\/wordpress\/wp-content\/uploads\/2025\/12\/IMG-20251125-WA0007.jpg 1104w\" sizes=\"auto, (max-width: 960px) 100vw, 960px\" \/><\/figure>\n\n\n<style>.kb-image2499_3f38d9-a6 .kb-image-has-overlay:after{opacity:0.3;}<\/style>\n<figure class=\"wp-block-kadence-image kb-image2499_3f38d9-a6 size-large\"><img loading=\"lazy\" decoding=\"async\" width=\"940\" height=\"1024\" src=\"https:\/\/i-und-sie.de\/wordpress\/wp-content\/uploads\/2025\/12\/IMG-20251125-WA0003-1-940x1024.jpg\" alt=\"\" class=\"kb-img wp-image-2787\" srcset=\"https:\/\/i-und-sie.de\/wordpress\/wp-content\/uploads\/2025\/12\/IMG-20251125-WA0003-1-940x1024.jpg 940w, https:\/\/i-und-sie.de\/wordpress\/wp-content\/uploads\/2025\/12\/IMG-20251125-WA0003-1-275x300.jpg 275w, https:\/\/i-und-sie.de\/wordpress\/wp-content\/uploads\/2025\/12\/IMG-20251125-WA0003-1-768x837.jpg 768w, https:\/\/i-und-sie.de\/wordpress\/wp-content\/uploads\/2025\/12\/IMG-20251125-WA0003-1.jpg 1024w\" sizes=\"auto, (max-width: 940px) 100vw, 940px\" \/><\/figure>\n\n\n\n<iframe data-testid=\"embed-iframe\" style=\"border-radius:12px\" src=\"https:\/\/open.spotify.com\/embed\/artist\/3YJ4rUwnZDSz9YyIjOHw22?utm_source=generator\" width=\"100%\" height=\"352\" frameBorder=\"0\" allowfullscreen=\"\" allow=\"autoplay; clipboard-write; encrypted-media; fullscreen; picture-in-picture\" loading=\"lazy\"><\/iframe>\n<\/div>\n<\/div>\n","protected":false},"excerpt":{"rendered":"<p>NEUIGKEITEN Liebe Fans, liebe Wegbegleiterinnen und Wegbegleiter, wir m\u00f6chten heute einen Moment innehalten und von Herzen Danke sagen. Ohne euch w\u00e4re unsere Musik nicht das, was sie ist \u2013 ein lebendiges Band zwischen uns und euch, das uns immer wieder neu inspiriert, antreibt und ber\u00fchrt. Jedes gesungene Wort, jede gespielte Note gewinnt erst durch euch&#8230;<\/p>\n","protected":false},"author":1,"featured_media":0,"parent":0,"menu_order":0,"comment_status":"closed","ping_status":"closed","template":"","meta":{"_kadence_starter_templates_imported_post":false,"_kad_post_transparent":"","_kad_post_title":"","_kad_post_layout":"normal","_kad_post_sidebar_id":"","_kad_post_content_style":"default","_kad_post_vertical_padding":"","_kad_post_feature":"","_kad_post_feature_position":"","_kad_post_header":false,"_kad_post_footer":false,"_kad_post_classname":"","footnotes":""},"class_list":["post-2499","page","type-page","status-publish","hentry"],"_links":{"self":[{"href":"https:\/\/i-und-sie.de\/wordpress\/wp-json\/wp\/v2\/pages\/2499","targetHints":{"allow":["GET"]}}],"collection":[{"href":"https:\/\/i-und-sie.de\/wordpress\/wp-json\/wp\/v2\/pages"}],"about":[{"href":"https:\/\/i-und-sie.de\/wordpress\/wp-json\/wp\/v2\/types\/page"}],"author":[{"embeddable":true,"href":"https:\/\/i-und-sie.de\/wordpress\/wp-json\/wp\/v2\/users\/1"}],"replies":[{"embeddable":true,"href":"https:\/\/i-und-sie.de\/wordpress\/wp-json\/wp\/v2\/comments?post=2499"}],"version-history":[{"count":17,"href":"https:\/\/i-und-sie.de\/wordpress\/wp-json\/wp\/v2\/pages\/2499\/revisions"}],"predecessor-version":[{"id":2886,"href":"https:\/\/i-und-sie.de\/wordpress\/wp-json\/wp\/v2\/pages\/2499\/revisions\/2886"}],"wp:attachment":[{"href":"https:\/\/i-und-sie.de\/wordpress\/wp-json\/wp\/v2\/media?parent=2499"}],"curies":[{"name":"wp","href":"https:\/\/api.w.org\/{rel}","templated":true}]}}